{"id":924,"date":"2021-05-10T09:04:14","date_gmt":"2021-05-10T07:04:14","guid":{"rendered":"http:\/\/www.hotelbrasilia.it\/?page_id=924"},"modified":"2021-05-27T12:28:19","modified_gmt":"2021-05-27T10:28:19","slug":"listino","status":"publish","type":"page","link":"https:\/\/www.hotelbrasilia.it\/fr\/listino\/","title":{"rendered":"Liste"},"content":{"rendered":"<section class=\"wao-blocks-container container-fluid mb-5 p-0\"\n\t\t>\n    \n\n<section class=\"container-fluid js--lazy-load wao-blocks-gallery-slider-flickity gallery-flickity-6651\" >\n    <article class=\"row\">\n        <div class=\"col-sm-12 p-0 position-relative\">\n            <section class=\"container-fluid js--lazy-load\">\n                <article class=\"row\">\n                    <div class=\"col-sm-12 p-0 position-relative\">\n                        <div class=\"js--flickity l--vh-60-md\" data-cellalign=\"left\" data-bglazyload=\"1\" data-freescroll=\"false\" data-wraparound=\"false\" data-autoplay=\"5000\" data-pauseautoplayonhover =\"true\" data-prevnextbuttons=\"true\" data-contain=\"true\" data-pagedots=\"false\" data-draggable=\"false\" data-groupcells=\"110%\" data-fade=\"true\">\n                                                            <div>\n                                    <div style=\"background: url('http:\/\/www.hotelbrasilia.it\/wp-content\/uploads\/2021\/05\/coppia.jpg') center center \/ cover no-repeat rgb(250, 250, 250); display: block; width: 100vw;\" class=\"l--vh-60-md\"><\/div>\n                                <\/div>\n                                                            <div>\n                                    <div style=\"background: url('http:\/\/www.hotelbrasilia.it\/wp-content\/uploads\/2021\/05\/timthumb-1.jpg') center center \/ cover no-repeat rgb(250, 250, 250); display: block; width: 100vw;\" class=\"l--vh-60-md\"><\/div>\n                                <\/div>\n                            \n                        <\/div>\n                        <div class=\"\">\n                            <div class=\"\" data-anim=\"zoomIn\" data-cof=\"true\" data-cof-rule=\"font-size, 2rem, 2.5rem, 2.5rem, 3rem, 3rem\">\n                                                            <\/div>\n                                                    <\/div>\n                    <\/div>\n                <\/article>\n            <\/section>\n        <\/div>\n    <\/article>\n<\/section>\n<\/section>\n\n<section class=\"wao-blocks-container container-fluid mb-0 g--bkg-light-04 mt-4\"\n\t\t>\n    \n<div class=\"wao-blocks-row row\" >\n    \n\n<div class=\"col-12 col-lg-10 py-4 text-center m-auto\"\n     \n\t \n\t>\n        \n\n<div class=\"breadcrumb-block mb-4\"\n    >\n    <div class=\"text-primary small\">\n        <a href=\"https:\/\/www.hotelbrasilia.it\/fr\" rel=\"nofollow\" title=\"Accueil\">Accueil &gt;<\/a>\n        Liste    <\/div>\n<\/div>\n\n\n<h2 class=\"h1 m-auto w-lg-75 wp-block-heading\">&nbsp;Nos prix<\/h2>\n\n\n\n<div class=\"wao-blocks-immagine-src py-4 m-auto js--hideme\" \n    data-anim='zoomIn' >\n                    <img decoding=\"async\" src=\"http:\/\/www.hotelbrasilia.it\/wp-content\/uploads\/2021\/05\/divider-brasilia-trasparente-400px.png\"  class=\"mw-100\"  alt=\"diviseur-brasilia-transparent-400px\">\n    <\/div>\n\n\n<p>Vous trouverez ici tous nos prix et offres que nous avons con\u00e7us pour vous.&nbsp;<\/p>\n\n\n\n<p>Choisissez la p\u00e9riode et la formule que vous pr\u00e9f\u00e9rez et profitez de vos vacances sans soucis !<\/p>\n\n    <\/div>\n<\/div>\n<\/section>\n\n<section class=\"wao-blocks-container container mb-0 sf-pattern py-5\"\n\t\t>\n    \n<div class=\"wao-blocks-row row\" >\n    \n\n<div class=\"col-12 col-md-12\"\n     \n\t \n\t>\n        \n\n\n<style>\n\t.nav-link{\n\t\tborder-radius: 0px 15px 0px 0px !important;\t}\n\t.nav-tabs .nav-item.show .nav-link, .nav-tabs .nav-link.active{\n\t\tborder-radius: 0px 15px 0px 0px !important;\t}\n<\/style>\n\t<div class=\"wao-blocks-listino-v1\" data-cof=\"true\" data-cof-rule=\"\">\n\t\t<div class=\"\" data-vertical-space=\"10\" style=\"z-index: 999;\">\n\t\t\t\t\t\t\t<ul class=\"nav nav-tabs d-flex justify-content-start\" id=\"myTab\" role=\"tablist\">\n\t\t\t\t\t\t\t\t\t\t\t<li class=\"nav-item\">\n\t\t\t\t\t\t\t\t<a class=\"nav-link active btn btn-primary\" id=\"Prix-2025-tab\" data-toggle=\"tab\" href=\"#Prix-2025\" role=\"tab\" aria-controls=\"Prix-2025\" aria-selected=\"true\" title=\"Prix 2025\">\n\t\t\t\t\t\t\t\t\tPrix 2025\t\t\t\t\t\t\t\t<\/a>\n\t\t\t\t\t\t\t<\/li>\n\t\t\t\t\t\t\t <\/ul>\n\t\t\t\t\t<\/div> \n\t\t<div class=\"tab-content\">\n\t\t\t\t\t\t\t<div class=\"tab-pane fade active show\" id=\"Prix-2025\" role=\"tabpanel\" aria-labelledby=\"Prix-2025-tab\">\n\t\t\t\t\t\t <h4 class=\"text-center py-1\"> Prix <\/h4>\t\t\t\t\t\t\t\t\t\t\t\t\t\t<div class=\"row g--bkg-light-03 mt-4\">\n\t\t\t\t\t\t\t\t\t\t\t\t\t\t\t\t\t<h3 class=\"p-4\">Notes sur la liste de prix <\/h3>\t\n\t\t\t\t\t\t\t\t\t\t\t\t\t\t\t\t\t\t\t\t\t\t\t\t\t\t\t<div class=\"p-4\">\n\t\t\t\t\t\t\t\t\t\t\t<p><span style=\"color: rgb(32, 33, 36);\">Tarifs par jour\/personne 10% TVA incluse. N'inclut pas la taxe de s\u00e9jour de 2,00 \u20ac par jour\/personne pour une dur\u00e9e maximale de 5 jours.<\/span><\/p><p><span style=\"color: rgb(32, 33, 36);\">&nbsp;<\/span><\/p><p><span style=\"color: rgb(32, 33, 36);\">Les tarifs comprennent toujours l'utilisation de la piscine avec chaises longues, du parking couvert (sous r\u00e9serve de disponibilit\u00e9), des v\u00e9los (sous r\u00e9serve de disponibilit\u00e9 et sous r\u00e9serve de disponibilit\u00e9 - caution demand\u00e9e) et du Wi-Fi.<\/span><\/p><p><span style=\"color: rgb(32, 33, 36);\">&nbsp;<\/span><\/p><p><br><\/p><p><span style=\"color: rgb(32, 33, 36);\">Autres suppl\u00e9ments et r\u00e9ductions :<\/span><\/p><p><span style=\"color: rgb(32, 33, 36);\">&nbsp;<\/span><\/p><p><span style=\"color: rgb(32, 33, 36);\">Animaux de petite\/moyenne taille : 20,00 \u20ac par s\u00e9jour pour le nettoyage final<\/span><\/p><p><span style=\"color: rgb(32, 33, 36);\">Suppl\u00e9ment chambre double \u00e0 usage individuel : +50%<\/span><\/p><p><span style=\"color: rgb(32, 33, 36);\">R\u00e9duction demi-pension : Adultes 8,00 \u20ac par personne\/jour - Enfants 4,00 \u20ac par personne\/jour<\/span><\/p>\t\t\t\t\t\t\t\t\t\t<\/div>\n\t\t\t\t\t\t\t\t\t\t\n\t\t\t\t\t\t\t<\/div>\n\t\t\t\t\t\t\t\t\t\t<\/div> \t\t<\/div>\n\t<\/div>\n    <\/div>\n<\/div>\n<\/section>\n\n<section class=\"wao-blocks-container container-fluid mb-2\"\n\t\t>\n    \n<div class=\"wao-blocks-row row py-4 text-center\" >\n    \n\n<div class=\"col-12 col-lg-6 d-none d-lg-block\"\n     \n\t \n\t>\n        \n\n<h2 class=\"wp-block-heading\">O\u00f9 nous sommes<\/h2>\n\n    <\/div>\n\n\n<div class=\"col-12 col-lg-6 d-none d-lg-block\"\n     \n\t \n\t>\n        \n\n<h2 class=\"wp-block-heading\">Demande d'informations<\/h2>\n\n    <\/div>\n<\/div>\n\n<div class=\"wao-blocks-row row\" >\n    \n\n<div class=\"col-12 col-lg-6 mb-4\"\n     \n\t \n\t>\n        \n\n<h2 class=\"d-lg-none pb-2 wp-block-heading\">O\u00f9 nous sommes<\/h2>\n\n\n\n<iframe class=\"js--lazy-load\" data-src=\"https:\/\/www.google.com\/maps\/embed?pb=!1m14!1m8!1m3!1d11417.336483430121!2d12.3386608!3d44.3236379!3m2!1i1024!2i768!4f13.1!3m3!1m2!1s0x0%3A0xe58e23b8f987956f!2sHotel%20Brasilia!5e0!3m2!1sit!2sit!4v1619777759109!5m2!1sit!2sit\" width=\"100%\" height=\"100%\" frameborder=\"0\" style=\"border:0;\" allowfullscreen=\"\" aria-hidden=\"false\" tabindex=\"0\" data-cof=\"true\" data-cof-rule=\"min-height, 300px, 300px, 400px, 100%, 100%\"><\/iframe>\n\n    <\/div>\n\n\n<div class=\"col-12 col-lg-6 mb-4\"\n     \n\t \n\t>\n        \n\n<h2 class=\"d-lg-none pb-2 mt-5 wp-block-heading\">Demande d'informations<\/h2>\n\n\n\n<div class=\"merida_root\" id=\"merida_block\"><\/div>\n\n<script>\nvar merida_config_merida_block = {\n    customerId: 924 ,\n    showSuccessModal : true,\n    rootEl: \"merida_block\",\n    childrenAgeMax: 16,\n    childrenAgeMin: 0,\n    layout: \"default\",\n    language: \"fr\",\n                theme : {\n        colors: {\n            primary: '#feca2c',\n            primaryTextAlt: '#ffffff',\n            secondary: '#3983a4',\n            secondaryTextAlt: '#ffffff',\n            text: '#333333',\n            error: '#cc0033',\n            formBackground: '#ffffff',\n            label: '#4d4d4d',\n            labelInput: '#84a0cd',\n            labelInputActive: '#7ebd6d',\n            inputBackground: '#eeeeee',\n            inputBorder: '#eeeeee',\n            checkboxBorder: '#eeeeee',\n        }\n    },\n    onSuccess : function(res) {\n        \n                        if (typeof(ga) !== 'undefined') {\n                   ga('send', 'event', 'Email', 'Invio', 'Form');\n                }\n                    }\n};\n\n(function(url, cb) {\n    var s = document.createElement(\"script\");\n    s.type = \"text\/javascript\";\n\n    if (s.readyState) { \/\/IE\n        s.onreadystatechange = function() {\n            if (s.readyState == \"loaded\" || s.readyState == \"complete\") {\n                s.onreadystatechange = null;\n                cb();\n            }\n        };\n    } else { \/\/Others\n        s.onload = function() {\n            cb();\n        };\n    }\n\n    s.src = url;\n    document.getElementsByTagName(\"head\")[0].appendChild(s);\n})(\"https:\/\/static.adriasonline.it\/merida\/latest\/merida.js\", function() {\n    window.aoForm = merida(merida_config_merida_block);\n});\n<\/script>\n    <\/div>\n<\/div>\n<\/section>","protected":false},"excerpt":{"rendered":"","protected":false},"author":1,"featured_media":0,"parent":0,"menu_order":0,"comment_status":"closed","ping_status":"closed","template":"","meta":{"footnotes":""},"class_list":["post-924","page","type-page","status-publish","hentry"],"_links":{"self":[{"href":"https:\/\/www.hotelbrasilia.it\/fr\/wp-json\/wp\/v2\/pages\/924","targetHints":{"allow":["GET"]}}],"collection":[{"href":"https:\/\/www.hotelbrasilia.it\/fr\/wp-json\/wp\/v2\/pages"}],"about":[{"href":"https:\/\/www.hotelbrasilia.it\/fr\/wp-json\/wp\/v2\/types\/page"}],"author":[{"embeddable":true,"href":"https:\/\/www.hotelbrasilia.it\/fr\/wp-json\/wp\/v2\/users\/1"}],"replies":[{"embeddable":true,"href":"https:\/\/www.hotelbrasilia.it\/fr\/wp-json\/wp\/v2\/comments?post=924"}],"version-history":[{"count":20,"href":"https:\/\/www.hotelbrasilia.it\/fr\/wp-json\/wp\/v2\/pages\/924\/revisions"}],"predecessor-version":[{"id":1571,"href":"https:\/\/www.hotelbrasilia.it\/fr\/wp-json\/wp\/v2\/pages\/924\/revisions\/1571"}],"wp:attachment":[{"href":"https:\/\/www.hotelbrasilia.it\/fr\/wp-json\/wp\/v2\/media?parent=924"}],"curies":[{"name":"wp","href":"https:\/\/api.w.org\/{rel}","templated":true}]}}