{"id":893,"date":"2021-05-07T17:42:28","date_gmt":"2021-05-07T15:42:28","guid":{"rendered":"http:\/\/www.hotelbrasilia.it\/?page_id=893"},"modified":"2021-06-07T11:15:45","modified_gmt":"2021-06-07T09:15:45","slug":"mirabilandia","status":"publish","type":"page","link":"https:\/\/www.hotelbrasilia.it\/fr\/mirabilandia\/","title":{"rendered":"Mirabilandia"},"content":{"rendered":"<section class=\"wao-blocks-container container-fluid mb-5 p-0\"\n\t\t>\n    \n\n<section class=\"container-fluid js--lazy-load wao-blocks-gallery-slider-flickity gallery-flickity-16318\" >\n    <article class=\"row\">\n        <div class=\"col-sm-12 p-0 position-relative\">\n            <section class=\"container-fluid js--lazy-load\">\n                <article class=\"row\">\n                    <div class=\"col-sm-12 p-0 position-relative\">\n                        <div class=\"js--flickity l--vh-60-md\" data-cellalign=\"left\" data-bglazyload=\"1\" data-freescroll=\"false\" data-wraparound=\"false\" data-autoplay=\"5000\" data-pauseautoplayonhover =\"true\" data-prevnextbuttons=\"true\" data-contain=\"true\" data-pagedots=\"false\" data-draggable=\"false\" data-groupcells=\"110%\" data-fade=\"true\">\n                                                            <div>\n                                    <div style=\"background: url('http:\/\/www.hotelbrasilia.it\/wp-content\/uploads\/2021\/05\/timthumb-2.jpg') center center \/ cover no-repeat rgb(250, 250, 250); display: block; width: 100vw;\" class=\"l--vh-60-md\"><\/div>\n                                <\/div>\n                                                            <div>\n                                    <div style=\"background: url('http:\/\/www.hotelbrasilia.it\/wp-content\/uploads\/2021\/05\/parchi-famiglie.jpg') center center \/ cover no-repeat rgb(250, 250, 250); display: block; width: 100vw;\" class=\"l--vh-60-md\"><\/div>\n                                <\/div>\n                                                            <div>\n                                    <div style=\"background: url('http:\/\/www.hotelbrasilia.it\/wp-content\/uploads\/2021\/05\/ducati.jpg') center center \/ cover no-repeat rgb(250, 250, 250); display: block; width: 100vw;\" class=\"l--vh-60-md\"><\/div>\n                                <\/div>\n                            \n                        <\/div>\n                        <div class=\"\">\n                            <div class=\"\" data-anim=\"zoomIn\" data-cof=\"true\" data-cof-rule=\"font-size, 2rem, 2.5rem, 2.5rem, 3rem, 3rem\">\n                                                            <\/div>\n                                                    <\/div>\n                    <\/div>\n                <\/article>\n            <\/section>\n        <\/div>\n    <\/article>\n<\/section>\n<\/section>\n\n<section class=\"wao-blocks-container container-fluid mb-5 g--bkg-light-04\"\n\t\t>\n    \n<div class=\"wao-blocks-row row row-eq-height\" >\n    \n\n<div class=\"col-12 col-md-12 col-lg-10 m-auto text-center p-5\"\n     \n\t \n\t>\n        \n\n<div class=\"breadcrumb-block mb-4\"\n    >\n    <div class=\"text-primary small\">\n        <a href=\"https:\/\/www.hotelbrasilia.it\/fr\" rel=\"nofollow\" title=\"Accueil\">Accueil &gt;<\/a>\n        Mirabilandia    <\/div>\n<\/div>\n\n\n<h2 class=\"h1 w-lg-75 m-auto wp-block-heading\">H\u00f4tels \u00e0 proximit\u00e9 de Mirabilandia<\/h2>\n\n\n\n<div class=\"wao-blocks-immagine-src py-4 m-auto js--hideme\" \n    data-anim='zoomIn' >\n                    <img decoding=\"async\" src=\"http:\/\/www.hotelbrasilia.it\/wp-content\/uploads\/2021\/05\/divider-brasilia-trasparente-400px.png\"  class=\"mw-100\"  alt=\"diviseur-brasilia-transparent-400px\">\n    <\/div>\n\n\n<p class=\"w-lg-75 mx-auto\">Faites l'exp\u00e9rience du plaisir \u00e0 <strong>Mirabilandia<\/strong>le plus grand parc d'attractions d'Italie !&nbsp;<\/p>\n\n\n\n<p class=\"w-lg-75 mx-auto\">L'h\u00f4tel Brasilia est situ\u00e9 dans la province de Ravenne, non loin de Mirabilandia. Le parc est l'un des plus c\u00e9l\u00e8bres de la Riviera et est parfait pour toute la famille, gr\u00e2ce \u00e0 ses nombreuses attractions.<strong> attractions <\/strong>pour <strong>tous les \u00e2ges<\/strong>!&nbsp;<\/p>\n\n\n\n<p class=\"w-lg-75 mx-auto\">Pour les plus petits, \u00e0 l'int\u00e9rieur du parc, il y a <strong>Bimbopoli<\/strong>un espace avec des jeux et des attractions pour les enfants, id\u00e9al pour passer des moments inoubliables en famille !<\/p>\n\n\n\n<p class=\"w-lg-75 mx-auto\">Pour les amateurs de<strong>adr\u00e9naline<\/strong> il y en a tellement <strong>attractions <\/strong>pr\u00eats \u00e0 vous laisser bouche b\u00e9e comme le c\u00e9l\u00e8bre Katun, les Twin Towers, l'iSpeed et de nombreux jeux d'eau dont le Rio Bravo, le Niagara et bien d'autres ! En outre, il existe de nombreux <strong>montre <\/strong>\u00e0 ne pas manquer, en premier lieu l'Acad\u00e9mie de police !&nbsp;<\/p>\n\n\n\n<p class=\"w-lg-75 mx-auto\"><br>D\u00e9couvrez \u00e9galement <strong>Mirabeach<\/strong>! Avec une superficie de 100.000sqm entre piscines, toboggans aquatiques et plages artificielles ! <br>Le parc Mirabilandia <strong>rouvre <\/strong>le site <strong>15\/6<\/strong> et de <strong>1\/7 <\/strong>MiraBeach sera \u00e9galement ouvert.<\/p>\n\n    <\/div>\n<\/div>\n<\/section>\n\n<section class=\"wao-blocks-container container-fluid mb-5 g--bkg-light-03\"\n\t\t>\n    \n<div class=\"wao-blocks-row row row-eq-height\" >\n    \n\n<div class=\"col-12 col-md-6 col-lg-6 m-auto text-center p-5\"\n     \n\t \n\t>\n        \n\n<h2 class=\"h1 w-lg-75 m-auto wp-block-heading\">D\u00e9couvrez le monde Ducati<\/h2>\n\n\n\n<div class=\"wao-blocks-immagine-src py-4 m-auto js--hideme\" \n    data-anim='zoomIn' >\n                    <img decoding=\"async\" src=\"http:\/\/www.hotelbrasilia.it\/wp-content\/uploads\/2021\/05\/divider-brasilia-trasparente-400px.png\"  class=\"mw-100\"  alt=\"diviseur-brasilia-transparent-400px\">\n    <\/div>\n\n\n<p class=\"w-lg-75 m-auto\">Le site <strong>Le monde Ducati<\/strong> est le premier espace th\u00e9matique au monde inspir\u00e9 d'une marque de motos et situ\u00e9 dans un parc d'attractions ! Une exclusivit\u00e9 vous attend <strong>man\u00e8ge de duels<\/strong> interactive, \u00e0 double voie, o\u00f9 les visiteurs pourront<strong> simuler la conduite<\/strong> d'une moto Panigale V4.<\/p>\n\n\n\n<p class=\"w-lg-75 m-auto\">En outre, il y a une zone avec la derni\u00e8re g\u00e9n\u00e9ration de simulateurs, o\u00f9 vous pouvez faire l'exp\u00e9rience de la<strong> L'exp\u00e9rience Ducati<\/strong> et se sentir comme un vrai pilote ! Vous y trouverez \u00e9galement trois zones de rafra\u00eechissement \u00e0 th\u00e8me et la salle de conf\u00e9rence de l'Office de la protection du consommateur. <strong>Boutique Ducati World<\/strong> pour les passionn\u00e9s !<\/p>\n\n    <\/div>\n\n\n<div class=\"col-12 col-md-6 col-lg-6 p-0\"\n     \n\t \n\t>\n        \n    <figure\n        class=\"wao-blocks-immagine-bkg h-100 js--hideme\"\n        style=\"background: url('http:\/\/www.hotelbrasilia.it\/wp-content\/uploads\/2021\/05\/ducati.jpg') center center \/ cover no-repeat; min-height: 300px;\"\n        data-anim=\"bounceInRight\" >\n            <\/figure>\n\n    <\/div>\n<\/div>\n<\/section>\n\n<section class=\"wao-blocks-container container-fluid mb-5 g--bkg-light-04 p-0 m-0 pb-5\"\n\t\t>\n    \n<div class=\"wao-blocks-row row p-0 m-0\" >\n    \n\n<div class=\"col-12 p-0 m-0\"\n     \n\t \n\t>\n        \n\n<h2 class=\"h1 py-3 text-center wp-block-heading\">Paquets et offres pour Mirabilandia<\/h2>\n\n    <\/div>\n\n\n<div class=\"col-12 col-md-10 m-auto p-0\"\n     \n\t \n\t>\n        \n\n\t\n\t\t<div class=\"wao-blocks-offerte-slider-v1\">\n\n\t\t\t\t\t<!-- controllo Slide  -->\n\t\t\t\t\t<div class=\"js--slider\" data-arrows=\"false\" data-dots=\"true\" data-autoplay=\"true\" data-slidestoshow=\"1\" data-slidestoshowsm=\"1\" data-slidestoshowxs=\"1\">\n\t\t\t\t\t\t<!-- ciclo di ogni offerta -->\n\t\t\t\t\n<div class=\"mb-4 h-100\">\n<div class=\"row m-0 bg-white\">\n<div class=\"col-md-6 p-0 m-0\">\n    <!-- contenitore immagine -->\n    <div class=\"barret-143531\" style=\"background-size: cover; background-position: center; height: 380px; overflow:hidden;\">\n    \t<!-- inizio timer -->\n\t\t<div class=\"hidden-xl-down g--bkg-light-04 l--position-absolute l--top l--right p-2 text-primary timer l--b-a-1 border g--b-c-03\" style=\"z-index:800!important;\" id=\"timer_143531\">\n\t\t\t<div class=\"text-sm-center text-warning font-weight-bold text-uppercase\">L'offre expire en<\/div>\n\t\t\t<div class=\"\" style=\"display:flex\">\n\t\t\t\t<div class=\"l--p-a-12 g--bkg-light-02 l--m-a-12\">\n\t\t\t\t\t<span class=\"days\"><\/span> <span class=\"text-small\">gg<\/span>\n\t\t\t\t<\/div>\n\t\t\t\t<div class=\"l--p-a-12 g--bkg-light-02 l--m-a-12\">\n\t\t\t\t\t<span class=\"hours\"><\/span> <span class=\"text-small\">hh<\/span>\n\t\t\t\t<\/div>\n\t\t\t\t<div class=\"l--p-a-12 g--bkg-light-02 l--m-a-12\">\n\t\t\t\t\t<span class=\"minutes\"><\/span> <span class=\"text-small\">mm<\/span>\n\t\t\t\t<\/div>\n\t\t\t\t<div class=\"l--p-a-12 g--bkg-light-02 l--m-a-12\">\n\t\t\t\t\t<span class=\"seconds\"><\/span> <span class=\"text-small\">ss<\/span>\n\t\t\t\t<\/div>\n\t\t\t<\/div>\n\t\t<\/div>\n\t\t<script type=\"text\/javascript\">setTimeout(function(){ CountDownOfferte('03\/05\/2026', 'timer_143531'); }, 5000); BkgImgOfferta('https:\/\/static.adriasonline.it\/barret\/make\/offerte\/924\/dettaglio\/img_143528.jpg?w=400&h=350&q=80&fit=cover&fm=jpg', '143531', 'cover');<\/script>\n    \t<!-- fine timer -->\n    <\/div>\n<\/div>\n    <!-- fine contenitore immagine -->\n<div class=\"col-md-6 p-0 m-0\">\n    <!-- contenitore testi cBox2 -->\n    <div class=\"text-center py-1\">\n        <!-- contenitore titolo -->\n\t\t<div class=\"pt-4 px-2\">\n        \t<a href=\"https:\/\/www.hotelbrasilia.it\/fr\/offerte\/pacchetto-mezza-pensione-mirabilandia-aprile-143528.php\" class=\"h3 text-primary font-weight-normal py-2\">Pont du 1er mai<\/a>\n\t\t<\/div>\n        <!-- contenitore date -->\n        <div class=\"p-3 display-4 text-bold text-tertiary\">du 30.04.2026 au 03.05.2026<\/div>\n        <!-- fine contenitore date -->\n        <!-- contenitore prezzo -->\n        <div class=\"px-5 pt-2 pb-3 text-tertiary\">\n\t\t\t<div class=\"g--bkg-light-02 py-3 text-bold display-3\">Prix personnalis\u00e9s<\/div>\n        <\/div>\n        <!-- fine contenitore prezzo -->\n        <!-- contenitore bottone -->\n        <div class=\"py-3\">\n            <a class=\"py-3 px-5 btn btn-primary display-4 rounded-0\" href=\"https:\/\/www.hotelbrasilia.it\/fr\/offerte\/pacchetto-mezza-pensione-mirabilandia-aprile-143528.php\" title=\"R\u00e9servez votre \u00e9t\u00e9 en janvier et \u00e9conomisez\">Pour en savoir plus<\/a>\n        <\/div>\n        <!-- fine contenitore bottone -->\n    <\/div>\n    <!-- fine contenitore testi cBox2 -->\n\t<\/div>\n\t<\/div>\n<\/div>\n\n<div class=\"mb-4 h-100\">\n<div class=\"row m-0 bg-white\">\n<div class=\"col-md-6 p-0 m-0\">\n    <!-- contenitore immagine -->\n    <div class=\"barret-99854\" style=\"background-size: cover; background-position: center; height: 380px; overflow:hidden;\">\n    \t<!-- inizio timer -->\n\t\t<div class=\"hidden-xl-down g--bkg-light-04 l--position-absolute l--top l--right p-2 text-primary timer l--b-a-1 border g--b-c-03\" style=\"z-index:800!important;\" id=\"timer_99854\">\n\t\t\t<div class=\"text-sm-center text-warning font-weight-bold text-uppercase\">L'offre expire en<\/div>\n\t\t\t<div class=\"\" style=\"display:flex\">\n\t\t\t\t<div class=\"l--p-a-12 g--bkg-light-02 l--m-a-12\">\n\t\t\t\t\t<span class=\"days\"><\/span> <span class=\"text-small\">gg<\/span>\n\t\t\t\t<\/div>\n\t\t\t\t<div class=\"l--p-a-12 g--bkg-light-02 l--m-a-12\">\n\t\t\t\t\t<span class=\"hours\"><\/span> <span class=\"text-small\">hh<\/span>\n\t\t\t\t<\/div>\n\t\t\t\t<div class=\"l--p-a-12 g--bkg-light-02 l--m-a-12\">\n\t\t\t\t\t<span class=\"minutes\"><\/span> <span class=\"text-small\">mm<\/span>\n\t\t\t\t<\/div>\n\t\t\t\t<div class=\"l--p-a-12 g--bkg-light-02 l--m-a-12\">\n\t\t\t\t\t<span class=\"seconds\"><\/span> <span class=\"text-small\">ss<\/span>\n\t\t\t\t<\/div>\n\t\t\t<\/div>\n\t\t<\/div>\n\t\t<script type=\"text\/javascript\">setTimeout(function(){ CountDownOfferte('02\/06\/2026', 'timer_99854'); }, 5000); BkgImgOfferta('https:\/\/static.adriasonline.it\/barret\/make\/offerte\/924\/dettaglio\/img_99852.png?w=400&h=350&q=80&fit=cover&fm=jpg', '99854', 'cover');<\/script>\n    \t<!-- fine timer -->\n    <\/div>\n<\/div>\n    <!-- fine contenitore immagine -->\n<div class=\"col-md-6 p-0 m-0\">\n    <!-- contenitore testi cBox2 -->\n    <div class=\"text-center py-1\">\n        <!-- contenitore titolo -->\n\t\t<div class=\"pt-4 px-2\">\n        \t<a href=\"https:\/\/www.hotelbrasilia.it\/fr\/offerte\/pacchetto-mirabilandia-99852.php\" class=\"h3 text-primary font-weight-normal py-2\">Offre Bridge 2 juin - Forfait Mirabilandia<\/a>\n\t\t<\/div>\n        <!-- contenitore date -->\n        <div class=\"p-3 display-4 text-bold text-tertiary\">du 30.05.2026 au 02.06.2026<\/div>\n        <!-- fine contenitore date -->\n        <!-- contenitore prezzo -->\n        <div class=\"px-5 pt-2 pb-3 text-tertiary\">\n\t\t\t<div class=\"g--bkg-light-02 py-3 text-bold display-3\">Prix personnalis\u00e9s<\/div>\n        <\/div>\n        <!-- fine contenitore prezzo -->\n        <!-- contenitore bottone -->\n        <div class=\"py-3\">\n            <a class=\"py-3 px-5 btn btn-primary display-4 rounded-0\" href=\"https:\/\/www.hotelbrasilia.it\/fr\/offerte\/pacchetto-mirabilandia-99852.php\" title=\"R\u00e9servez votre \u00e9t\u00e9 en janvier et \u00e9conomisez\">Pour en savoir plus<\/a>\n        <\/div>\n        <!-- fine contenitore bottone -->\n    <\/div>\n    <!-- fine contenitore testi cBox2 -->\n\t<\/div>\n\t<\/div>\n<\/div>\n\n<div class=\"mb-4 h-100\">\n<div class=\"row m-0 bg-white\">\n<div class=\"col-md-6 p-0 m-0\">\n    <!-- contenitore immagine -->\n    <div class=\"barret-109223\" style=\"background-size: cover; background-position: center; height: 380px; overflow:hidden;\">\n    \t<!-- inizio timer -->\n\t\t<div class=\"hidden-xl-down g--bkg-light-04 l--position-absolute l--top l--right p-2 text-primary timer l--b-a-1 border g--b-c-03\" style=\"z-index:800!important;\" id=\"timer_109223\">\n\t\t\t<div class=\"text-sm-center text-warning font-weight-bold text-uppercase\">L'offre expire en<\/div>\n\t\t\t<div class=\"\" style=\"display:flex\">\n\t\t\t\t<div class=\"l--p-a-12 g--bkg-light-02 l--m-a-12\">\n\t\t\t\t\t<span class=\"days\"><\/span> <span class=\"text-small\">gg<\/span>\n\t\t\t\t<\/div>\n\t\t\t\t<div class=\"l--p-a-12 g--bkg-light-02 l--m-a-12\">\n\t\t\t\t\t<span class=\"hours\"><\/span> <span class=\"text-small\">hh<\/span>\n\t\t\t\t<\/div>\n\t\t\t\t<div class=\"l--p-a-12 g--bkg-light-02 l--m-a-12\">\n\t\t\t\t\t<span class=\"minutes\"><\/span> <span class=\"text-small\">mm<\/span>\n\t\t\t\t<\/div>\n\t\t\t\t<div class=\"l--p-a-12 g--bkg-light-02 l--m-a-12\">\n\t\t\t\t\t<span class=\"seconds\"><\/span> <span class=\"text-small\">ss<\/span>\n\t\t\t\t<\/div>\n\t\t\t<\/div>\n\t\t<\/div>\n\t\t<script type=\"text\/javascript\">setTimeout(function(){ CountDownOfferte('05\/06\/2026', 'timer_109223'); }, 5000); BkgImgOfferta('https:\/\/static.adriasonline.it\/barret\/make\/offerte\/924\/dettaglio\/img_109221.png?w=400&h=350&q=80&fit=cover&fm=jpg', '109223', 'cover');<\/script>\n    \t<!-- fine timer -->\n    <\/div>\n<\/div>\n    <!-- fine contenitore immagine -->\n<div class=\"col-md-6 p-0 m-0\">\n    <!-- contenitore testi cBox2 -->\n    <div class=\"text-center py-1\">\n        <!-- contenitore titolo -->\n\t\t<div class=\"pt-4 px-2\">\n        \t<a href=\"https:\/\/www.hotelbrasilia.it\/fr\/offerte\/offerta-maggio-lido-di-classe-italia.php\" class=\"h3 text-primary font-weight-normal py-2\">Mai \u00e0 la mer : premier soleil<\/a>\n\t\t<\/div>\n        <!-- contenitore date -->\n        <div class=\"p-3 display-4 text-bold text-tertiary\">du 04.05.2026 au 05.06.2026<\/div>\n        <!-- fine contenitore date -->\n        <!-- contenitore prezzo -->\n        <div class=\"px-5 pt-2 pb-3 text-tertiary\">\n\t\t\t<div class=\"g--bkg-light-02 py-3 text-bold display-3\">de <span class=\"font-weight-bold display-3\">42\u20ac<\/span><\/div>\n        <\/div>\n        <!-- fine contenitore prezzo -->\n        <!-- contenitore bottone -->\n        <div class=\"py-3\">\n            <a class=\"py-3 px-5 btn btn-primary display-4 rounded-0\" href=\"https:\/\/www.hotelbrasilia.it\/fr\/offerte\/offerta-maggio-lido-di-classe-italia.php\" title=\"R\u00e9servez votre \u00e9t\u00e9 en janvier et \u00e9conomisez\">Pour en savoir plus<\/a>\n        <\/div>\n        <!-- fine contenitore bottone -->\n    <\/div>\n    <!-- fine contenitore testi cBox2 -->\n\t<\/div>\n\t<\/div>\n<\/div>\n    \n\t\t\t\t\t\t\t\n\t\t\t<\/div>\n\t\t<\/div>\n\t\n    <\/div>\n<\/div>\n<\/section>\n\n<section class=\"wao-blocks-container container-fluid mb-2\"\n\t\t>\n    \n<div class=\"wao-blocks-row row py-4 text-center\" >\n    \n\n<div class=\"col-12 col-lg-6 d-none d-lg-block\"\n     \n\t \n\t>\n        \n\n<h2 class=\"wp-block-heading\">O\u00f9 nous sommes<\/h2>\n\n    <\/div>\n\n\n<div class=\"col-12 col-lg-6 d-none d-lg-block\"\n     \n\t \n\t>\n        \n\n<h2 class=\"wp-block-heading\">Demande d'informations<\/h2>\n\n    <\/div>\n<\/div>\n\n<div class=\"wao-blocks-row row\" >\n    \n\n<div class=\"col-12 col-lg-6 mb-4\"\n     \n\t \n\t>\n        \n\n<h2 class=\"d-lg-none pb-2 wp-block-heading\">O\u00f9 nous sommes<\/h2>\n\n\n\n<iframe class=\"js--lazy-load\" data-src=\"https:\/\/www.google.com\/maps\/embed?pb=!1m14!1m8!1m3!1d11417.336483430121!2d12.3386608!3d44.3236379!3m2!1i1024!2i768!4f13.1!3m3!1m2!1s0x0%3A0xe58e23b8f987956f!2sHotel%20Brasilia!5e0!3m2!1sit!2sit!4v1619777759109!5m2!1sit!2sit\" width=\"100%\" height=\"100%\" frameborder=\"0\" style=\"border:0;\" allowfullscreen=\"\" aria-hidden=\"false\" tabindex=\"0\" data-cof=\"true\" data-cof-rule=\"min-height, 300px, 300px, 400px, 100%, 100%\"><\/iframe>\n\n    <\/div>\n\n\n<div class=\"col-12 col-lg-6 mb-4\"\n     \n\t \n\t>\n        \n\n<h2 class=\"d-lg-none pb-2 mt-5 wp-block-heading\">Demande d'informations<\/h2>\n\n\n\n<div class=\"merida_root\" id=\"merida_block\"><\/div>\n\n<script>\nvar merida_config_merida_block = {\n    customerId: 924 ,\n    showSuccessModal : true,\n    rootEl: \"merida_block\",\n    childrenAgeMax: 16,\n    childrenAgeMin: 0,\n    layout: \"default\",\n    language: \"fr\",\n                theme : {\n        colors: {\n            primary: '#feca2c',\n            primaryTextAlt: '#ffffff',\n            secondary: '#3983a4',\n            secondaryTextAlt: '#ffffff',\n            text: '#333333',\n            error: '#cc0033',\n            formBackground: '#ffffff',\n            label: '#4d4d4d',\n            labelInput: '#84a0cd',\n            labelInputActive: '#7ebd6d',\n            inputBackground: '#eeeeee',\n            inputBorder: '#eeeeee',\n            checkboxBorder: '#eeeeee',\n        }\n    },\n    onSuccess : function(res) {\n        \n                        if (typeof(ga) !== 'undefined') {\n                   ga('send', 'event', 'Email', 'Invio', 'Form');\n                }\n                    }\n};\n\n(function(url, cb) {\n    var s = document.createElement(\"script\");\n    s.type = \"text\/javascript\";\n\n    if (s.readyState) { \/\/IE\n        s.onreadystatechange = function() {\n            if (s.readyState == \"loaded\" || s.readyState == \"complete\") {\n                s.onreadystatechange = null;\n                cb();\n            }\n        };\n    } else { \/\/Others\n        s.onload = function() {\n            cb();\n        };\n    }\n\n    s.src = url;\n    document.getElementsByTagName(\"head\")[0].appendChild(s);\n})(\"https:\/\/static.adriasonline.it\/merida\/latest\/merida.js\", function() {\n    window.aoForm = merida(merida_config_merida_block);\n});\n<\/script>\n    <\/div>\n<\/div>\n<\/section>","protected":false},"excerpt":{"rendered":"","protected":false},"author":1,"featured_media":0,"parent":0,"menu_order":0,"comment_status":"closed","ping_status":"closed","template":"","meta":{"footnotes":""},"class_list":["post-893","page","type-page","status-publish","hentry"],"_links":{"self":[{"href":"https:\/\/www.hotelbrasilia.it\/fr\/wp-json\/wp\/v2\/pages\/893","targetHints":{"allow":["GET"]}}],"collection":[{"href":"https:\/\/www.hotelbrasilia.it\/fr\/wp-json\/wp\/v2\/pages"}],"about":[{"href":"https:\/\/www.hotelbrasilia.it\/fr\/wp-json\/wp\/v2\/types\/page"}],"author":[{"embeddable":true,"href":"https:\/\/www.hotelbrasilia.it\/fr\/wp-json\/wp\/v2\/users\/1"}],"replies":[{"embeddable":true,"href":"https:\/\/www.hotelbrasilia.it\/fr\/wp-json\/wp\/v2\/comments?post=893"}],"version-history":[{"count":33,"href":"https:\/\/www.hotelbrasilia.it\/fr\/wp-json\/wp\/v2\/pages\/893\/revisions"}],"predecessor-version":[{"id":1583,"href":"https:\/\/www.hotelbrasilia.it\/fr\/wp-json\/wp\/v2\/pages\/893\/revisions\/1583"}],"wp:attachment":[{"href":"https:\/\/www.hotelbrasilia.it\/fr\/wp-json\/wp\/v2\/media?parent=893"}],"curies":[{"name":"wp","href":"https:\/\/api.w.org\/{rel}","templated":true}]}}