{"id":984,"date":"2021-05-10T10:34:15","date_gmt":"2021-05-10T08:34:15","guid":{"rendered":"http:\/\/www.hotelbrasilia.it\/?page_id=984"},"modified":"2021-05-27T12:26:36","modified_gmt":"2021-05-27T10:26:36","slug":"escursioni","status":"publish","type":"page","link":"https:\/\/www.hotelbrasilia.it\/en\/escursioni\/","title":{"rendered":"Excursions"},"content":{"rendered":"<section class=\"wao-blocks-container container-fluid mb-2 p-0\"\n\t\t>\n    \n\n<section class=\"container-fluid js--lazy-load wao-blocks-gallery-slider-flickity gallery-flickity-60301\" >\n    <article class=\"row\">\n        <div class=\"col-sm-12 p-0 position-relative\">\n            <section class=\"container-fluid js--lazy-load\">\n                <article class=\"row\">\n                    <div class=\"col-sm-12 p-0 position-relative\">\n                        <div class=\"js--flickity l--vh-60-md\" data-cellAlign=\"left\" data-bgLazyLoad=\"1\" data-freeScroll=\"false\" data-wrapAround=\"false\" data-autoPlay=\"5000\" data-pauseAutoPlayOnHover =\"true\" data-prevNextButtons=\"true\" data-contain=\"true\" data-pageDots=\"false\" data-draggable=\"false\" data-groupCells=\"110%\" data-fade=\"true\">\n                                                            <div>\n                                    <div style=\"background: url('http:\/\/www.hotelbrasilia.it\/wp-content\/uploads\/2021\/05\/escursioni-2.jpg') center center \/ cover no-repeat rgb(250, 250, 250); display: block; width: 100vw;\" class=\"l--vh-60-md \"><\/div>\n                                <\/div>\n                                                            <div>\n                                    <div style=\"background: url('http:\/\/www.hotelbrasilia.it\/wp-content\/uploads\/2021\/05\/escursione1.jpg') center center \/ cover no-repeat rgb(250, 250, 250); display: block; width: 100vw;\" class=\"l--vh-60-md \"><\/div>\n                                <\/div>\n                                                            <div>\n                                    <div style=\"background: url('http:\/\/www.hotelbrasilia.it\/wp-content\/uploads\/2021\/05\/escursione2.jpg') center center \/ cover no-repeat rgb(250, 250, 250); display: block; width: 100vw;\" class=\"l--vh-60-md \"><\/div>\n                                <\/div>\n                            \n                        <\/div>\n                        <div class=\"\">\n                            <div class=\"\" data-anim=\"zoomIn\" data-cof=\"true\" data-cof-rule=\"font-size, 2rem, 2.5rem, 2.5rem, 3rem, 3rem\">\n                                                            <\/div>\n                                                    <\/div>\n                    <\/div>\n                <\/article>\n            <\/section>\n        <\/div>\n    <\/article>\n<\/section>\n<\/section>\n\n<section class=\"wao-blocks-container container-fluid mb-0 mt-4\"\n\t\t>\n    \n<div class=\"wao-blocks-row row\" >\n    \n\n<div class=\"col-12 col-lg-10 py-4 text-center m-auto\"\n     \n\t \n\t>\n        \n\n<div class=\"breadcrumb-block mb-4\"\n    >\n    <div class=\"text-primary small\">\n        <a href=\"https:\/\/www.hotelbrasilia.it\/en\" rel=\"nofollow\" title=\"Home\">Home &gt;<\/a>\n        Escursioni    <\/div>\n<\/div>\n\n\n<h2 class=\"h1 m-auto w-lg-75 wp-block-heading\">&nbsp;Cosa visitare nei dintorni di Lido di Classe<\/h2>\n\n\n\n<div class=\"wao-blocks-immagine-src py-4 m-auto js--hideme \" \n    data-anim='zoomIn' >\n                    <img decoding=\"async\" src=\"http:\/\/www.hotelbrasilia.it\/wp-content\/uploads\/2021\/05\/divider-brasilia-trasparente-400px.png\"  class=\"mw-100\"  alt=\"divider-brasilia-trasparente-400px\">\n    <\/div>\n    <\/div>\n<\/div>\n<\/section>\n\n<section class=\"wao-blocks-container container-fluid mb-5 g--bkg-light-04\"\n\t\t>\n    \n<div class=\"wao-blocks-row row row-eq-height\" >\n    \n\n<div class=\"col-12 col-xl-6 m-auto text-center p-5\"\n     \n\t \n\t>\n        \n\n<h2 class=\"h1 w-lg-75 m-auto text-center wp-block-heading\">Ravenna<\/h2>\n\n\n\n<div class=\"wao-blocks-immagine-src py-4 m-auto text-center js--hideme \" \n    data-anim='zoomIn' >\n                    <img decoding=\"async\" src=\"http:\/\/www.hotelbrasilia.it\/wp-content\/uploads\/2021\/05\/divider-brasilia-trasparente-400px.png\"  class=\"mw-100\"  alt=\"divider-brasilia-trasparente-400px\">\n    <\/div>\n\n\n<p class=\"m-auto p-md-x-3\">A soli 15 Km dall\u2019hotel Brasilia si trova Ravenna, citt\u00e0 d\u2019arte con ben 8 monumenti <strong>patrimonio dell\u2019UNESCO<\/strong>. Ravenna ha origini antiche e nel 2019 \u00e8 stata candidata a capitale della Cultura.&nbsp;<\/p>\n\n\n\n<p class=\"m-auto py-1 p-md-x-3\">I monumenti da visitare a Ravenna, che fanno parte della World Heritage List, sono:<\/p>\n\n\n\n<ul class=\"py-2 pl-0 my-2 mx-auto elenco w-md-50 text-left wp-block-list\"><li>Il Mausoleo di Teodorico&nbsp;<\/li><li>Il Mausoleo di Galla Placidia<\/li><li>Il Battistero Neoniano<\/li><li>Il Battistero degli Ariani<\/li><li>La Basilica di San Vitale<\/li><li>La Basilica di Santa Apollinare in Classe<\/li><li>La Basilica di Santa Apollinare Nuovo&nbsp;<\/li><li>La Cappella del Palazzo Arcivescovile<\/li><\/ul>\n\n\n\n<p class=\"m-auto p-md-x-3\">E non dimentichiamoci che la citt\u00e0 di Ravenna custodisce le spoglie di <strong>Dante Alighieri<\/strong>, a cui la citt\u00e0 dedica numerosi eventi.&nbsp;<\/p>\n\n\n\n<p class=\"m-auto px-3 py-1 text-left\"><br>Orari e tariffe su <a href=\"http:\/\/www.ravennamosaici.it\">www.ravennamosaici.it<\/a><\/p>\n\n    <\/div>\n\n\n<div class=\"col-12 col-xl-6 p-0\"\n     \n\t \n\t>\n        \n    <figure\n        class=\"wao-blocks-immagine-bkg h-100 js--hideme \"\n        style=\"background: url('http:\/\/www.hotelbrasilia.it\/wp-content\/uploads\/2021\/05\/ravenna2.jpg') center center \/ cover no-repeat; min-height: 500px;\"\n        data-anim=\"bounceInRight\" >\n            <\/figure>\n\n    <\/div>\n<\/div>\n<\/section>\n\n<section class=\"wao-blocks-container container-fluid mb-5 g--bkg-light-03\"\n\t\t>\n    \n<div class=\"wao-blocks-row row row-eq-height\" >\n    \n\n<div class=\"col-12 col-lg-6 p-0\"\n     \n\t \n\t>\n        \n    <figure\n        class=\"wao-blocks-immagine-bkg h-100 js--hideme \"\n        style=\"background: url('http:\/\/www.hotelbrasilia.it\/wp-content\/uploads\/2021\/05\/sanmarino.jpg') center center \/ cover no-repeat; min-height: 500px;\"\n        data-anim=\"bounceInLeft\" >\n            <\/figure>\n\n    <\/div>\n\n\n<div class=\"col-12 col-lg-6 text-center p-5\"\n     \n\t \n\t>\n        \n\n<h2 class=\"h1 w-lg-75 m-auto wp-block-heading\">San Marino<\/h2>\n\n\n\n<div class=\"wao-blocks-immagine-src py-4 m-auto js--hideme \" \n    data-anim='zoomIn' >\n                    <img decoding=\"async\" src=\"http:\/\/www.hotelbrasilia.it\/wp-content\/uploads\/2021\/05\/divider-brasilia-trasparente-400px.png\"  class=\"mw-100\"  alt=\"divider-brasilia-trasparente-400px\">\n    <\/div>\n\n\n<p class=\"m-auto p-md-x-3 pb-2 text-center\">San Marino \u00e8 un piccolo borgo medioevale che sorge sul Monte Titano, a 750 mt di altezza. Si tratta della <strong>Repubblica<\/strong> <strong>pi\u00f9 antica del mondo<\/strong> ed \u00e8 un luogo di fascino, cultura e storia.&nbsp;<\/p>\n\n\n\n<p class=\"m-auto p-md-x-3 pb-2 text-center\">Qui potrete trovare tante botteghe di artigiani, negozi di souvenir, <strong>outlet <\/strong>e <strong>centri commerciali<\/strong>; insomma, il luogo ideale per chi vuole trascorrere una giornata tra cultura e shopping!&nbsp;<\/p>\n\n\n\n<p class=\"m-auto p-md-x-3 pb-2 text-center\">Nel centro storico di San Marino, da non perdere le Tre Torri, la Piazza della Libert\u00e0 dove sorge il Palazzo Pubblico e la Cava dei Balestrieri.<\/p>\n\n    <\/div>\n<\/div>\n<\/section>\n\n<section class=\"wao-blocks-container container-fluid mb-5 g--bkg-light-04\"\n\t\t>\n    \n<div class=\"wao-blocks-row row row-eq-height\" >\n    \n\n<div class=\"col-12 col-lg-6 m-auto text-center p-5\"\n     \n\t \n\t>\n        \n\n<h2 class=\"h1 w-lg-75 m-auto wp-block-heading\">Cesena<\/h2>\n\n\n\n<div class=\"wao-blocks-immagine-src py-4 m-auto js--hideme \" \n    data-anim='zoomIn' >\n                    <img decoding=\"async\" src=\"http:\/\/www.hotelbrasilia.it\/wp-content\/uploads\/2021\/05\/divider-brasilia-trasparente-400px.png\"  class=\"mw-100\"  alt=\"divider-brasilia-trasparente-400px\">\n    <\/div>\n\n\n<p class=\"text-center m-auto p-md-x-3 pb-2\">Cesena \u00e8 una vivace cittadina dell\u2019entroterra di Cesenatico ed \u00e8 ricca di testimonianze artistiche tra cui la <strong>Biblioteca Malatestiana<\/strong>, patrimonio dell\u2019UNESCO come \u201cMemoria del Mondo\u201d,&nbsp; la Rocca dei Malatesta e il Teatro \u201cAlessandro Bonci\u201d, vero gioiello neoclassico.<\/p>\n\n\n\n<p class=\"text-center m-auto p-md-x-3 pb-2\">Cesena offre anche un grazioso centro storico, racchiuso dalle antiche mura, ricco di viali con tante attivit\u00e0, locali e negozi per tutti i gusti.<\/p>\n\n    <\/div>\n\n\n<div class=\"col-12 col-lg-6 p-0\"\n     \n\t \n\t>\n        \n    <figure\n        class=\"wao-blocks-immagine-bkg h-100 js--hideme \"\n        style=\"background: url('http:\/\/www.hotelbrasilia.it\/wp-content\/uploads\/2021\/05\/cesena.jpg') center center \/ cover no-repeat; min-height: 500px;\"\n        data-anim=\"bounceInRight\" >\n            <\/figure>\n\n    <\/div>\n<\/div>\n<\/section>\n\n<section class=\"wao-blocks-container container-fluid mb-5 g--bkg-light-03\"\n\t\t>\n    \n<div class=\"wao-blocks-row row row-eq-height\" >\n    \n\n<div class=\"col-12 col-lg-6 p-0\"\n     \n\t \n\t>\n        \n    <figure\n        class=\"wao-blocks-immagine-bkg h-100 js--hideme \"\n        style=\"background: url('http:\/\/www.hotelbrasilia.it\/wp-content\/uploads\/2021\/05\/cesenatico.jpg') center center \/ cover no-repeat; min-height: 500px;\"\n        data-anim=\"bounceInLeft\" >\n            <\/figure>\n\n    <\/div>\n\n\n<div class=\"col-12 col-lg-6 text-center p-5\"\n     \n\t \n\t>\n        \n\n<h2 class=\"h1 w-lg-75 m-auto wp-block-heading\">Cesenatico<\/h2>\n\n\n\n<div class=\"wao-blocks-immagine-src py-4 m-auto js--hideme \" \n    data-anim='zoomIn' >\n                    <img decoding=\"async\" src=\"http:\/\/www.hotelbrasilia.it\/wp-content\/uploads\/2021\/05\/divider-brasilia-trasparente-400px.png\"  class=\"mw-100\"  alt=\"divider-brasilia-trasparente-400px\">\n    <\/div>\n\n\n<p class=\"p-md-x-3 m-auto text-center\">Cesenatico, antico borgo di pescatori, oggi \u00e8 una delle localit\u00e0 pi\u00f9 amate e apprezzate da giovani e famiglie.&nbsp;<\/p>\n\n\n\n<p class=\"p-md-x-3 m-auto text-center\">Da non perdere, il meraviglioso Porto Canale progettato da<strong> Leonardo da Vinci <\/strong>e sede del <strong>museo galleggiante<\/strong> della Marineria, unico in Italia.&nbsp;<\/p>\n\n\n\n<p class=\"p-md-x-3m-auto text-center\">Lungo il porto si trovano locali caratteristici, ristoranti, bar, bancarelle di artigianato e tante graziose viuzze da ammirare!&nbsp;Sul <strong>lungomare <\/strong>invece ci sono i locali notturni, eleganti boutique e una passeggiata dove trascorrere le serate estive in relax.<\/p>\n\n    <\/div>\n<\/div>\n<\/section>\n\n<section class=\"wao-blocks-container container-fluid mb-0 g--bkg-light-03\"\n\t\t>\n    \n<div class=\"wao-blocks-row row\" >\n    \n\n<div class=\"col-12 col-md-6 text-center m-auto\"\n     \n\t \n\t>\n        \n\n<h2 class=\"h-1 py-5 mb-0 wp-block-heading\">Iscriviti alla nostra newsletter<\/h2>\n\n\n<script src=\"https:\/\/www.google.com\/recaptcha\/enterprise.js?render=6LdKs-6Lc3xMIcAAAAAO2K3CkgGUYb6BcsBOk289jP7NUP\"><\/script>\n<div class=\"l--box-newsletter wao-blocks-nav-tab\" >\n    <form class=\"custom\" name=\"iscrizione_newsletter\" id=\"iscrizione_newsletter\" method=\"post\" autocomplete=\"OFF\">\n        <fieldset>\n            <div class=\"form-group row\">\n                                <div class=\"col-12 col-lg-6 mx-auto\">\n                    <input type=\"text\" class=\"form-control bg-white\" id=\"news_nome\" name=\"nome\" placeholder=\"Nome*\">\n                <\/div>\n                <div class=\"col-12 col-lg-6 mx-auto\">\n                    <input type=\"text\" class=\"form-control bg-white\" id=\"news_email\" name=\"email\" value=\"\" placeholder=\"Email*\">\n                <\/div>\n                <div id=\"newsletter\" class=\"col-12 col-lg-6 mx-auto\">\n<input value=\"on\" type=\"checkbox\" name=\"news_privacy\" id=\"news_privacy\">\n<label for=\"news_privacy\">*\n    <small>\n        <a href=\"javascript:void(0)\" title=\"privacy\"\n            class=\"privacy link-privacy-policy \" style=\"cursor: pointer;\">\n            Accetto privacy\n        <\/a>\n    <\/small>\n<\/label>\n<\/div>                <div class=\"col-12 col-lg-6 mx-auto\">\n                    <button class=\"py-3 px-5 btn btn-primary display-4 rounded-0\"type=\"submit\" id=\"iscrizioneNewsletter\">\n                        Iscriviti\n                    <\/button>\n                    <input name=\"dominio\" type=\"hidden\" value=\"https:\/\/www.hotelbrasilia.it\/en\/\">\n                    <input name=\"idHotel\" type=\"hidden\" value=\"924\">\n                    <input name=\"lingua\" type=\"hidden\" value=\"it\">\n                <\/div>\n            <\/div>\n        <\/fieldset>\n    <\/form>\n<\/div>\n<div id=\"divAlert\" class=\"h-50 w-50 m-auto alert-info d-none\" style=\"position: fixed; top: 10px; left: 10px; right: 10px; bottom: 10px; z-index: 2000; overflow: auto\">\n\t<div class=\"text-right\">\n\t\t<a class=\"btn btn-primary btn_chiudi \" href=\"javascript:void(0)\" onclick=\"location.reload(true);\" title=\"Chiudi\"><i class=\"fa fa-times\" aria-hidden=\"true\"><\/i><\/a>\n\t<\/div>\n\t<div class=\"text-center alert-info l--align-middle-vertical\" style=\"height: calc(100% - 50px);\">\n\t\t<div class=\"logo\"><\/div>\n\t\t<div class=\"text-center h-50 w-50\">\n\t\t\t<span class=\"display-3\"><i class=\"fa fa-paper-plane\" aria-hidden=\"true\"><\/i><\/span>\n\t\t\t<h4>iscrizione alla newsletter completata con successo<\/h4>\n\t\t<\/div>\n\t<\/div>\n<\/div>\n\n    <\/div>\n<\/div>\n<\/section>\n\n<section class=\"wao-blocks-container container-fluid mb-2\"\n\t\t>\n    \n<div class=\"wao-blocks-row row py-4 text-center\" >\n    \n\n<div class=\"col-12 col-lg-6 d-none d-lg-block\"\n     \n\t \n\t>\n        \n\n<h2 class=\"wp-block-heading\">Dove siamo<\/h2>\n\n    <\/div>\n\n\n<div class=\"col-12 col-lg-6 d-none d-lg-block\"\n     \n\t \n\t>\n        \n\n<h2 class=\"wp-block-heading\">Richiedi Informazioni<\/h2>\n\n    <\/div>\n<\/div>\n\n<div class=\"wao-blocks-row row\" >\n    \n\n<div class=\"col-12 col-lg-6 mb-4\"\n     \n\t \n\t>\n        \n\n<h2 class=\"d-lg-none pb-2 wp-block-heading\">Dove siamo<\/h2>\n\n\n\n<iframe class=\"js--lazy-load\" data-src=\"https:\/\/www.google.com\/maps\/embed?pb=!1m14!1m8!1m3!1d11417.336483430121!2d12.3386608!3d44.3236379!3m2!1i1024!2i768!4f13.1!3m3!1m2!1s0x0%3A0xe58e23b8f987956f!2sHotel%20Brasilia!5e0!3m2!1sit!2sit!4v1619777759109!5m2!1sit!2sit\" width=\"100%\" height=\"100%\" frameborder=\"0\" style=\"border:0;\" allowfullscreen=\"\" aria-hidden=\"false\" tabindex=\"0\" data-cof=\"true\" data-cof-rule=\"min-height, 300px, 300px, 400px, 100%, 100%\"><\/iframe>\n\n    <\/div>\n\n\n<div class=\"col-12 col-lg-6 mb-4\"\n     \n\t \n\t>\n        \n\n<h2 class=\"d-lg-none pb-2 mt-5 wp-block-heading\">Richiedi Informazioni<\/h2>\n\n\n\n<div class=\"merida_root\" id=\"merida_block\"><\/div>\n\n<script>\nvar merida_config_merida_block = {\n    customerId: 924 ,\n    showSuccessModal : true,\n    rootEl: \"merida_block\",\n    childrenAgeMax: 16,\n    childrenAgeMin: 0,\n    layout: \"default\",\n    language: \"en\",\n                theme : {\n        colors: {\n            primary: '#feca2c',\n            primaryTextAlt: '#ffffff',\n            secondary: '#3983a4',\n            secondaryTextAlt: '#ffffff',\n            text: '#333333',\n            error: '#cc0033',\n            formBackground: '#ffffff',\n            label: '#4d4d4d',\n            labelInput: '#84a0cd',\n            labelInputActive: '#7ebd6d',\n            inputBackground: '#eeeeee',\n            inputBorder: '#eeeeee',\n            checkboxBorder: '#eeeeee',\n        }\n    },\n    onSuccess : function(res) {\n        \n                        if (typeof(ga) !== 'undefined') {\n                   ga('send', 'event', 'Email', 'Invio', 'Form');\n                }\n                    }\n};\n\n(function(url, cb) {\n    var s = document.createElement(\"script\");\n    s.type = \"text\/javascript\";\n\n    if (s.readyState) { \/\/IE\n        s.onreadystatechange = function() {\n            if (s.readyState == \"loaded\" || s.readyState == \"complete\") {\n                s.onreadystatechange = null;\n                cb();\n            }\n        };\n    } else { \/\/Others\n        s.onload = function() {\n            cb();\n        };\n    }\n\n    s.src = url;\n    document.getElementsByTagName(\"head\")[0].appendChild(s);\n})(\"https:\/\/static.adriasonline.it\/merida\/latest\/merida.js\", function() {\n    window.aoForm = merida(merida_config_merida_block);\n});\n<\/script>\n    <\/div>\n<\/div>\n<\/section>","protected":false},"excerpt":{"rendered":"","protected":false},"author":1,"featured_media":0,"parent":0,"menu_order":0,"comment_status":"closed","ping_status":"closed","template":"","meta":{"footnotes":""},"class_list":["post-984","page","type-page","status-publish","hentry"],"_links":{"self":[{"href":"https:\/\/www.hotelbrasilia.it\/en\/wp-json\/wp\/v2\/pages\/984","targetHints":{"allow":["GET"]}}],"collection":[{"href":"https:\/\/www.hotelbrasilia.it\/en\/wp-json\/wp\/v2\/pages"}],"about":[{"href":"https:\/\/www.hotelbrasilia.it\/en\/wp-json\/wp\/v2\/types\/page"}],"author":[{"embeddable":true,"href":"https:\/\/www.hotelbrasilia.it\/en\/wp-json\/wp\/v2\/users\/1"}],"replies":[{"embeddable":true,"href":"https:\/\/www.hotelbrasilia.it\/en\/wp-json\/wp\/v2\/comments?post=984"}],"version-history":[{"count":39,"href":"https:\/\/www.hotelbrasilia.it\/en\/wp-json\/wp\/v2\/pages\/984\/revisions"}],"predecessor-version":[{"id":1570,"href":"https:\/\/www.hotelbrasilia.it\/en\/wp-json\/wp\/v2\/pages\/984\/revisions\/1570"}],"wp:attachment":[{"href":"https:\/\/www.hotelbrasilia.it\/en\/wp-json\/wp\/v2\/media?parent=984"}],"curies":[{"name":"wp","href":"https:\/\/api.w.org\/{rel}","templated":true}]}}