{"id":893,"date":"2021-05-07T17:42:28","date_gmt":"2021-05-07T15:42:28","guid":{"rendered":"http:\/\/www.hotelbrasilia.it\/?page_id=893"},"modified":"2026-04-29T10:01:33","modified_gmt":"2026-04-29T08:01:33","slug":"mirabilandia","status":"publish","type":"page","link":"https:\/\/www.hotelbrasilia.it\/en\/mirabilandia\/","title":{"rendered":"Mirabilandia"},"content":{"rendered":"<section class=\"wao-blocks-container container-fluid mb-5 p-0\"\n\t\t>\n    \n\n<section class=\"container-fluid js--lazy-load wao-blocks-gallery-slider-flickity gallery-flickity-8532\" >\n    <article class=\"row\">\n        <div class=\"col-sm-12 p-0 position-relative\">\n            <section class=\"container-fluid js--lazy-load\">\n                <article class=\"row\">\n                    <div class=\"col-sm-12 p-0 position-relative\">\n                        <div class=\"js--flickity l--vh-60-md\" data-cellAlign=\"left\" data-bgLazyLoad=\"1\" data-freeScroll=\"false\" data-wrapAround=\"false\" data-autoPlay=\"5000\" data-pauseAutoPlayOnHover =\"true\" data-prevNextButtons=\"true\" data-contain=\"true\" data-pageDots=\"false\" data-draggable=\"false\" data-groupCells=\"110%\" data-fade=\"true\">\n                                                            <div>\n                                    <div style=\"background: url('http:\/\/www.hotelbrasilia.it\/wp-content\/uploads\/2021\/05\/timthumb-2.jpg') center center \/ cover no-repeat rgb(250, 250, 250); display: block; width: 100vw;\" class=\"l--vh-60-md \"><\/div>\n                                <\/div>\n                                                            <div>\n                                    <div style=\"background: url('http:\/\/www.hotelbrasilia.it\/wp-content\/uploads\/2021\/05\/parchi-famiglie.jpg') center center \/ cover no-repeat rgb(250, 250, 250); display: block; width: 100vw;\" class=\"l--vh-60-md \"><\/div>\n                                <\/div>\n                                                            <div>\n                                    <div style=\"background: url('http:\/\/www.hotelbrasilia.it\/wp-content\/uploads\/2021\/05\/ducati.jpg') center center \/ cover no-repeat rgb(250, 250, 250); display: block; width: 100vw;\" class=\"l--vh-60-md \"><\/div>\n                                <\/div>\n                            \n                        <\/div>\n                        <div class=\"\">\n                            <div class=\"\" data-anim=\"zoomIn\" data-cof=\"true\" data-cof-rule=\"font-size, 2rem, 2.5rem, 2.5rem, 3rem, 3rem\">\n                                                            <\/div>\n                                                    <\/div>\n                    <\/div>\n                <\/article>\n            <\/section>\n        <\/div>\n    <\/article>\n<\/section>\n<\/section>\n\n<section class=\"wao-blocks-container container-fluid mb-5 g--bkg-light-04\"\n\t\t>\n    \n<div class=\"wao-blocks-row row row-eq-height\" >\n    \n\n<div class=\"col-12 col-md-12 col-lg-10 m-auto text-center p-5\"\n     \n\t \n\t>\n        \n\n<div class=\"breadcrumb-block mb-4\"\n    >\n    <div class=\"text-primary small\">\n        <a href=\"https:\/\/www.hotelbrasilia.it\/en\" rel=\"nofollow\" title=\"Home\">Home &gt;<\/a>\n        Mirabilandia    <\/div>\n<\/div>\n\n\n<h2 class=\"wp-block-heading h1 w-lg-75 m-auto\">Hotel a due passi da Mirabilandia<\/h2>\n\n\n\n<div class=\"wao-blocks-immagine-src py-4 m-auto js--hideme \" \n    data-anim='zoomIn' >\n                    <img decoding=\"async\" src=\"http:\/\/www.hotelbrasilia.it\/wp-content\/uploads\/2021\/05\/divider-brasilia-trasparente-400px.png\"  class=\"mw-100\"  alt=\"divider-brasilia-trasparente-400px\">\n    <\/div>\n\n\n<p class=\"w-lg-75 mx-auto\">Vivi il divertimento a <strong>Mirabilandia<\/strong>, il parco divertimento pi\u00f9 grande d\u2019Italia!&nbsp;<\/p>\n\n\n\n<p class=\"w-lg-75 mx-auto\">L\u2019hotel Brasilia si trova in provincia di Ravenna, poco distante da Mirabilandia. Il parco \u00e8 tra i pi\u00f9 famosi della Riviera ed \u00e8 perfetto per tutta la famiglia, grazie alle sue numerose<strong> attrazioni <\/strong>per <strong>tutte le et\u00e0<\/strong>!&nbsp;<\/p>\n\n\n\n<p class=\"w-lg-75 mx-auto\">Per i pi\u00f9 piccoli all\u2019interno del parco c\u2019\u00e8 <strong>Bimbopoli<\/strong>, un\u2019area con giochi e attrazioni per bambini, ideale per passare indimenticabili momenti in famiglia!<\/p>\n\n\n\n<p class=\"w-lg-75 mx-auto\">Per gli amanti dell\u2019<strong>adrenalina<\/strong> ci sono tantissime <strong>attrazioni <\/strong>pronte a lasciarvi senza fiato come il famoso Katun, le Torri Gemelle, l\u2019iSpeed e tanti giochi d\u2019acqua tra cui il Rio Bravo, il Niagara e molti altri! Inoltre, vi aspettano tantissimi <strong>spettacoli <\/strong>da non perdere, primo tra tutti quello di Scuola di Polizia!&nbsp;<\/p>\n\n\n\n<p class=\"w-lg-75 mx-auto\"><br>Scopri anche <strong>Mirabeach<\/strong>! Con un'area di 100.000mq tra piscine, acquascivoli e spiagge artificiali! <\/p>\n\n    <\/div>\n<\/div>\n<\/section>\n\n<section class=\"wao-blocks-container container-fluid mb-5 g--bkg-light-03\"\n\t\t>\n    \n<div class=\"wao-blocks-row row row-eq-height\" >\n    \n\n<div class=\"col-12 col-md-6 col-lg-6 m-auto text-center p-5\"\n     \n\t \n\t>\n        \n\n<h2 class=\"wp-block-heading h1 w-lg-75 m-auto\">Scopri Ducati World<\/h2>\n\n\n\n<div class=\"wao-blocks-immagine-src py-4 m-auto js--hideme \" \n    data-anim='zoomIn' >\n                    <img decoding=\"async\" src=\"http:\/\/www.hotelbrasilia.it\/wp-content\/uploads\/2021\/05\/divider-brasilia-trasparente-400px.png\"  class=\"mw-100\"  alt=\"divider-brasilia-trasparente-400px\">\n    <\/div>\n\n\n<p class=\"w-lg-75 m-auto\">Il <strong>Ducati World<\/strong> \u00e8 la prima area tematica al mondo ispirata ad un brand motociclistico e inserita in un parco divertimenti! Ad aspettarvi c\u2019\u00e8 un esclusivo <strong>duelling coaster<\/strong> interattivo, a doppio binario, dove i visitatori potranno<strong> simulare la guida<\/strong> di una moto Panigale V4.<\/p>\n\n\n\n<p class=\"w-lg-75 m-auto\">Inoltre, \u00e8 presente un\u2019area con simulatori di ultima generazione, in cui potrai vivere la<strong> Ducati Experience<\/strong> e sentirti un vero pilota!&nbsp;Qui troverai anche tre aree ristoro tematizzate e il <strong>Ducati World Shop<\/strong> per gli appassionati!<\/p>\n\n    <\/div>\n\n\n<div class=\"col-12 col-md-6 col-lg-6 p-0 \"\n     \n\t \n\t>\n        \n    <figure\n        class=\"wao-blocks-immagine-bkg h-100 js--hideme \"\n        style=\"background: url('http:\/\/www.hotelbrasilia.it\/wp-content\/uploads\/2021\/05\/ducati.jpg') center center \/ cover no-repeat; min-height: 300px;\"\n        data-anim=\"bounceInRight\" >\n            <\/figure>\n\n    <\/div>\n<\/div>\n<\/section>\n\n<section class=\"wao-blocks-container container-fluid mb-5 g--bkg-light-03\"\n\t\t>\n    \n<div class=\"wao-blocks-row row row-eq-height\" >\n    \n\n<div class=\"col-12 col-md-6 col-lg-6 p-0\"\n     \n\t \n\t>\n        \n    <figure\n        class=\"wao-blocks-immagine-bkg h-100 js--hideme \"\n        style=\"background: url('http:\/\/www.hotelbrasilia.it\/wp-content\/uploads\/2026\/04\/mirabilandia-paw-patrol-adventure.jpg') center center \/ cover no-repeat; min-height: 300px;\"\n        data-anim=\"bounceInLeft\" >\n            <\/figure>\n\n    <\/div>\n\n\n<div class=\"col-12 col-md-6 col-lg-6 m-auto text-center p-5\"\n     \n\t \n\t>\n        \n\n<h2 class=\"wp-block-heading h1 w-lg-75 m-auto\">Nuova Area Nickelodeon!<\/h2>\n\n\n\n<div class=\"wao-blocks-immagine-src py-4 m-auto js--hideme \" \n    data-anim='zoomIn' >\n                    <img decoding=\"async\" src=\"http:\/\/www.hotelbrasilia.it\/wp-content\/uploads\/2021\/05\/divider-brasilia-trasparente-400px.png\"  class=\"mw-100\"  alt=\"divider-brasilia-trasparente-400px\">\n    <\/div>\n\n\n<p>Nickelodeon Land \u00e8 la prima area in Italia interamente dedicata ai personaggi del celebre canale per ragazzi ed \u00e8 la vincitrice all'edizione 2025 dei Parksmania Awards!<\/p>\n\n\n\n<p>Grandi e piccini potranno incontrare i loro protagonisti:&nbsp;<strong>SpongeBob<\/strong> e <strong>Patrick, Dora, <\/strong>la<strong> PAW Patrol <\/strong>e le<strong> Tartarughe Ninja!<\/strong><\/p>\n\n    <\/div>\n<\/div>\n<\/section>\n\n<section class=\"wao-blocks-container container-fluid mb-5 g--bkg-light-04 p-0 m-0 pb-5\"\n\t\t>\n    \n<div class=\"wao-blocks-row row p-0 m-0\" >\n    \n\n<div class=\"col-12 p-0 m-0\"\n     \n\t \n\t>\n        \n\n<h2 class=\"wp-block-heading h1 py-3 text-center\">Pacchetti e Offerte per Mirabilandia<\/h2>\n\n    <\/div>\n\n\n<div class=\"col-12 col-md-10 m-auto p-0\"\n     \n\t \n\t>\n        \n\n\t\n\t\t<div class=\"wao-blocks-offerte-slider-v1\">\n\n\t\t\t\t\t<!-- controllo Slide  -->\n\t\t\t\t\t<div class=\"js--slider \" data-arrows=\"false\" data-dots=\"true\" data-autoplay=\"true\" data-slidesToShow=\"1\" data-slidesToShowSM=\"1\" data-slidesToShowXS=\"1\">\n\t\t\t\t\t\t<!-- ciclo di ogni offerta -->\n\t\t\t\t\n<div class=\"mb-4 h-100\">\n<div class=\"row m-0 bg-white\">\n<div class=\"col-md-6 p-0 m-0\">\n    <!-- contenitore immagine -->\n    <div class=\"barret-99855\" style=\"background-size: cover; background-position: center; height: 380px; overflow:hidden;\">\n    \t<!-- inizio timer -->\n\t\t<div class=\"hidden-xl-down g--bkg-light-04 l--position-absolute l--top l--right p-2 text-primary timer l--b-a-1 border g--b-c-03\" style=\"z-index:800!important;\" id=\"timer_99855\">\n\t\t\t<div class=\"text-sm-center text-warning font-weight-bold text-uppercase\">offerta scade fra<\/div>\n\t\t\t<div class=\"\" style=\"display:flex\">\n\t\t\t\t<div class=\"l--p-a-12 g--bkg-light-02 l--m-a-12\">\n\t\t\t\t\t<span class=\"days\"><\/span> <span class=\"text-small\">gg<\/span>\n\t\t\t\t<\/div>\n\t\t\t\t<div class=\"l--p-a-12 g--bkg-light-02 l--m-a-12\">\n\t\t\t\t\t<span class=\"hours\"><\/span> <span class=\"text-small\">hh<\/span>\n\t\t\t\t<\/div>\n\t\t\t\t<div class=\"l--p-a-12 g--bkg-light-02 l--m-a-12\">\n\t\t\t\t\t<span class=\"minutes\"><\/span> <span class=\"text-small\">mm<\/span>\n\t\t\t\t<\/div>\n\t\t\t\t<div class=\"l--p-a-12 g--bkg-light-02 l--m-a-12\">\n\t\t\t\t\t<span class=\"seconds\"><\/span> <span class=\"text-small\">ss<\/span>\n\t\t\t\t<\/div>\n\t\t\t<\/div>\n\t\t<\/div>\n\t\t<script type=\"text\/javascript\">setTimeout(function(){ CountDownOfferte('02\/06\/2026', 'timer_99855'); }, 5000); BkgImgOfferta('https:\/\/static.adriasonline.it\/barret\/make\/offerte\/924\/dettaglio\/img_99852.png?w=400&h=350&q=80&fit=cover&fm=jpg', '99855', 'cover');<\/script>\n    \t<!-- fine timer -->\n    <\/div>\n<\/div>\n    <!-- fine contenitore immagine -->\n<div class=\"col-md-6 p-0 m-0\">\n    <!-- contenitore testi cBox2 -->\n    <div class=\"text-center py-1\">\n        <!-- contenitore titolo -->\n\t\t<div class=\"pt-4 px-2\">\n        \t<a href=\"https:\/\/www.hotelbrasilia.it\/en\/offerte\/pacchetto-mirabilandia-99852.php\" class=\"h3 text-primary font-weight-normal py-2\">June 2 bridge offer - Mirabilandia package<\/a>\n\t\t<\/div>\n        <!-- contenitore date -->\n        <div class=\"p-3 display-4 text-bold text-tertiary\">dal 30.05.2026 al 02.06.2026<\/div>\n        <!-- fine contenitore date -->\n        <!-- contenitore prezzo -->\n        <div class=\"px-5 pt-2 pb-3 text-tertiary\">\n\t\t\t<div class=\"g--bkg-light-02 py-3 text-bold display-3\">Prezzi personalizzati<\/div>\n        <\/div>\n        <!-- fine contenitore prezzo -->\n        <!-- contenitore bottone -->\n        <div class=\"py-3\">\n            <a class=\"py-3 px-5 btn btn-primary display-4 rounded-0\" href=\"https:\/\/www.hotelbrasilia.it\/en\/offerte\/pacchetto-mirabilandia-99852.php\" title=\"Prenota l'Estate entro Gennaio e risparmia\">Scopri di pi\u00f9<\/a>\n        <\/div>\n        <!-- fine contenitore bottone -->\n    <\/div>\n    <!-- fine contenitore testi cBox2 -->\n\t<\/div>\n\t<\/div>\n<\/div>\n\n<div class=\"mb-4 h-100\">\n<div class=\"row m-0 bg-white\">\n<div class=\"col-md-6 p-0 m-0\">\n    <!-- contenitore immagine -->\n    <div class=\"barret-109224\" style=\"background-size: cover; background-position: center; height: 380px; overflow:hidden;\">\n    \t<!-- inizio timer -->\n\t\t<div class=\"hidden-xl-down g--bkg-light-04 l--position-absolute l--top l--right p-2 text-primary timer l--b-a-1 border g--b-c-03\" style=\"z-index:800!important;\" id=\"timer_109224\">\n\t\t\t<div class=\"text-sm-center text-warning font-weight-bold text-uppercase\">offerta scade fra<\/div>\n\t\t\t<div class=\"\" style=\"display:flex\">\n\t\t\t\t<div class=\"l--p-a-12 g--bkg-light-02 l--m-a-12\">\n\t\t\t\t\t<span class=\"days\"><\/span> <span class=\"text-small\">gg<\/span>\n\t\t\t\t<\/div>\n\t\t\t\t<div class=\"l--p-a-12 g--bkg-light-02 l--m-a-12\">\n\t\t\t\t\t<span class=\"hours\"><\/span> <span class=\"text-small\">hh<\/span>\n\t\t\t\t<\/div>\n\t\t\t\t<div class=\"l--p-a-12 g--bkg-light-02 l--m-a-12\">\n\t\t\t\t\t<span class=\"minutes\"><\/span> <span class=\"text-small\">mm<\/span>\n\t\t\t\t<\/div>\n\t\t\t\t<div class=\"l--p-a-12 g--bkg-light-02 l--m-a-12\">\n\t\t\t\t\t<span class=\"seconds\"><\/span> <span class=\"text-small\">ss<\/span>\n\t\t\t\t<\/div>\n\t\t\t<\/div>\n\t\t<\/div>\n\t\t<script type=\"text\/javascript\">setTimeout(function(){ CountDownOfferte('05\/06\/2026', 'timer_109224'); }, 5000); BkgImgOfferta('https:\/\/static.adriasonline.it\/barret\/make\/offerte\/924\/dettaglio\/img_109221.png?w=400&h=350&q=80&fit=cover&fm=jpg', '109224', 'cover');<\/script>\n    \t<!-- fine timer -->\n    <\/div>\n<\/div>\n    <!-- fine contenitore immagine -->\n<div class=\"col-md-6 p-0 m-0\">\n    <!-- contenitore testi cBox2 -->\n    <div class=\"text-center py-1\">\n        <!-- contenitore titolo -->\n\t\t<div class=\"pt-4 px-2\">\n        \t<a href=\"https:\/\/www.hotelbrasilia.it\/en\/offerte\/offerta-maggio-lido-di-classe-italia.php\" class=\"h3 text-primary font-weight-normal py-2\">May by the sea: first sunshine<\/a>\n\t\t<\/div>\n        <!-- contenitore date -->\n        <div class=\"p-3 display-4 text-bold text-tertiary\">dal 04.05.2026 al 05.06.2026<\/div>\n        <!-- fine contenitore date -->\n        <!-- contenitore prezzo -->\n        <div class=\"px-5 pt-2 pb-3 text-tertiary\">\n\t\t\t<div class=\"g--bkg-light-02 py-3 text-bold display-3\">da <span class=\"font-weight-bold display-3\">42&euro;<\/span><\/div>\n        <\/div>\n        <!-- fine contenitore prezzo -->\n        <!-- contenitore bottone -->\n        <div class=\"py-3\">\n            <a class=\"py-3 px-5 btn btn-primary display-4 rounded-0\" href=\"https:\/\/www.hotelbrasilia.it\/en\/offerte\/offerta-maggio-lido-di-classe-italia.php\" title=\"Prenota l'Estate entro Gennaio e risparmia\">Scopri di pi\u00f9<\/a>\n        <\/div>\n        <!-- fine contenitore bottone -->\n    <\/div>\n    <!-- fine contenitore testi cBox2 -->\n\t<\/div>\n\t<\/div>\n<\/div>\n    \n\t\t\t\t\t\t\t\n\t\t\t<\/div>\n\t\t<\/div>\n\t\n    <\/div>\n<\/div>\n<\/section>\n\n<section class=\"wao-blocks-container container-fluid mb-2\"\n\t\t>\n    \n<div class=\"wao-blocks-row row py-4 text-center\" >\n    \n\n<div class=\"col-12 col-lg-6 d-none d-lg-block\"\n     \n\t \n\t>\n        \n\n<h2 class=\"wp-block-heading\">Dove siamo<\/h2>\n\n    <\/div>\n\n\n<div class=\"col-12 col-lg-6 d-none d-lg-block\"\n     \n\t \n\t>\n        \n\n<h2 class=\"wp-block-heading\">Richiedi Informazioni<\/h2>\n\n    <\/div>\n<\/div>\n\n<div class=\"wao-blocks-row row\" >\n    \n\n<div class=\"col-12 col-lg-6 mb-4\"\n     \n\t \n\t>\n        \n\n<h2 class=\"d-lg-none pb-2 wp-block-heading\">Dove siamo<\/h2>\n\n\n\n<iframe class=\"js--lazy-load\" data-src=\"https:\/\/www.google.com\/maps\/embed?pb=!1m14!1m8!1m3!1d11417.336483430121!2d12.3386608!3d44.3236379!3m2!1i1024!2i768!4f13.1!3m3!1m2!1s0x0%3A0xe58e23b8f987956f!2sHotel%20Brasilia!5e0!3m2!1sit!2sit!4v1619777759109!5m2!1sit!2sit\" width=\"100%\" height=\"100%\" frameborder=\"0\" style=\"border:0;\" allowfullscreen=\"\" aria-hidden=\"false\" tabindex=\"0\" data-cof=\"true\" data-cof-rule=\"min-height, 300px, 300px, 400px, 100%, 100%\"><\/iframe>\n\n    <\/div>\n\n\n<div class=\"col-12 col-lg-6 mb-4\"\n     \n\t \n\t>\n        \n\n<h2 class=\"d-lg-none pb-2 mt-5 wp-block-heading\">Richiedi Informazioni<\/h2>\n\n\n\n<div class=\"merida_root\" id=\"merida_block\"><\/div>\n\n<script>\nvar merida_config_merida_block = {\n    customerId: 924 ,\n    showSuccessModal : true,\n    rootEl: \"merida_block\",\n    childrenAgeMax: 16,\n    childrenAgeMin: 0,\n    layout: \"default\",\n    language: \"en\",\n                theme : {\n        colors: {\n            primary: '#feca2c',\n            primaryTextAlt: '#ffffff',\n            secondary: '#3983a4',\n            secondaryTextAlt: '#ffffff',\n            text: '#333333',\n            error: '#cc0033',\n            formBackground: '#ffffff',\n            label: '#4d4d4d',\n            labelInput: '#84a0cd',\n            labelInputActive: '#7ebd6d',\n            inputBackground: '#eeeeee',\n            inputBorder: '#eeeeee',\n            checkboxBorder: '#eeeeee',\n        }\n    },\n    onSuccess : function(res) {\n        \n                        if (typeof(ga) !== 'undefined') {\n                   ga('send', 'event', 'Email', 'Invio', 'Form');\n                }\n                    }\n};\n\n(function(url, cb) {\n    var s = document.createElement(\"script\");\n    s.type = \"text\/javascript\";\n\n    if (s.readyState) { \/\/IE\n        s.onreadystatechange = function() {\n            if (s.readyState == \"loaded\" || s.readyState == \"complete\") {\n                s.onreadystatechange = null;\n                cb();\n            }\n        };\n    } else { \/\/Others\n        s.onload = function() {\n            cb();\n        };\n    }\n\n    s.src = url;\n    document.getElementsByTagName(\"head\")[0].appendChild(s);\n})(\"https:\/\/static.adriasonline.it\/merida\/latest\/merida.js\", function() {\n    window.aoForm = merida(merida_config_merida_block);\n});\n<\/script>\n    <\/div>\n<\/div>\n<\/section>","protected":false},"excerpt":{"rendered":"","protected":false},"author":1,"featured_media":0,"parent":0,"menu_order":0,"comment_status":"closed","ping_status":"closed","template":"","meta":{"footnotes":""},"class_list":["post-893","page","type-page","status-publish","hentry"],"_links":{"self":[{"href":"https:\/\/www.hotelbrasilia.it\/en\/wp-json\/wp\/v2\/pages\/893","targetHints":{"allow":["GET"]}}],"collection":[{"href":"https:\/\/www.hotelbrasilia.it\/en\/wp-json\/wp\/v2\/pages"}],"about":[{"href":"https:\/\/www.hotelbrasilia.it\/en\/wp-json\/wp\/v2\/types\/page"}],"author":[{"embeddable":true,"href":"https:\/\/www.hotelbrasilia.it\/en\/wp-json\/wp\/v2\/users\/1"}],"replies":[{"embeddable":true,"href":"https:\/\/www.hotelbrasilia.it\/en\/wp-json\/wp\/v2\/comments?post=893"}],"version-history":[{"count":37,"href":"https:\/\/www.hotelbrasilia.it\/en\/wp-json\/wp\/v2\/pages\/893\/revisions"}],"predecessor-version":[{"id":1647,"href":"https:\/\/www.hotelbrasilia.it\/en\/wp-json\/wp\/v2\/pages\/893\/revisions\/1647"}],"wp:attachment":[{"href":"https:\/\/www.hotelbrasilia.it\/en\/wp-json\/wp\/v2\/media?parent=893"}],"curies":[{"name":"wp","href":"https:\/\/api.w.org\/{rel}","templated":true}]}}