{"id":946,"date":"2021-05-10T09:47:30","date_gmt":"2021-05-10T07:47:30","guid":{"rendered":"http:\/\/www.hotelbrasilia.it\/?page_id=946"},"modified":"2021-05-27T12:29:14","modified_gmt":"2021-05-27T10:29:14","slug":"parchi","status":"publish","type":"page","link":"https:\/\/www.hotelbrasilia.it\/de\/parchi\/","title":{"rendered":"Parks"},"content":{"rendered":"<section class=\"wao-blocks-container container-fluid mb-5 p-0\"\n\t\t>\n    \n\n<section class=\"container-fluid js--lazy-load wao-blocks-gallery-slider-flickity gallery-flickity-11104\" >\n    <article class=\"row\">\n        <div class=\"col-sm-12 p-0 position-relative\">\n            <section class=\"container-fluid js--lazy-load\">\n                <article class=\"row\">\n                    <div class=\"col-sm-12 p-0 position-relative\">\n                        <div class=\"js--flickity l--vh-60-md\" data-cellalign=\"left\" data-bglazyload=\"1\" data-freescroll=\"false\" data-wraparound=\"false\" data-autoplay=\"5000\" data-pauseautoplayonhover =\"true\" data-prevnextbuttons=\"true\" data-contain=\"true\" data-pagedots=\"false\" data-draggable=\"false\" data-groupcells=\"110%\" data-fade=\"true\">\n                                                            <div>\n                                    <div style=\"background: url('http:\/\/www.hotelbrasilia.it\/wp-content\/uploads\/2021\/05\/oltremare.jpg') center center \/ cover no-repeat rgb(250, 250, 250); display: block; width: 100vw;\" class=\"l--vh-60-md\"><\/div>\n                                <\/div>\n                                                            <div>\n                                    <div style=\"background: url('http:\/\/www.hotelbrasilia.it\/wp-content\/uploads\/2021\/05\/italiainminiatura.jpg') center center \/ cover no-repeat rgb(250, 250, 250); display: block; width: 100vw;\" class=\"l--vh-60-md\"><\/div>\n                                <\/div>\n                            \n                        <\/div>\n                        <div class=\"\">\n                            <div class=\"\" data-anim=\"zoomIn\" data-cof=\"true\" data-cof-rule=\"font-size, 2rem, 2.5rem, 2.5rem, 3rem, 3rem\">\n                                                            <\/div>\n                                                    <\/div>\n                    <\/div>\n                <\/article>\n            <\/section>\n        <\/div>\n    <\/article>\n<\/section>\n<\/section>\n\n<section class=\"wao-blocks-container container-fluid mb-0 mt-4\"\n\t\t>\n    \n<div class=\"wao-blocks-row row\" >\n    \n\n<div class=\"col-12 col-lg-10 py-4 text-center m-auto\"\n     \n\t \n\t>\n        \n\n<div class=\"breadcrumb-block mb-4\"\n    >\n    <div class=\"text-primary small\">\n        <a href=\"https:\/\/www.hotelbrasilia.it\/de\" rel=\"nofollow\" title=\"Startseite\">Startseite &gt;<\/a>\n        Parks    <\/div>\n<\/div>\n\n\n<h2 class=\"h1 m-auto w-lg-75 wp-block-heading\">&nbsp;Die Vergn\u00fcgungsparks an der Riviera<\/h2>\n\n\n\n<div class=\"wao-blocks-immagine-src py-4 m-auto js--hideme\" \n    data-anim='zoomIn' >\n                    <img decoding=\"async\" src=\"http:\/\/www.hotelbrasilia.it\/wp-content\/uploads\/2021\/05\/divider-brasilia-trasparente-400px.png\"  class=\"mw-100\"  alt=\"divider-brasilia-transparent-400px\">\n    <\/div>\n    <\/div>\n<\/div>\n<\/section>\n\n<section class=\"wao-blocks-container container-fluid mb-5 g--bkg-light-04\"\n\t\t>\n    \n<div class=\"wao-blocks-row row row-eq-height\" >\n    \n\n<div class=\"col-12 col-xl-6 m-auto text-center p-5\"\n     \n\t \n\t>\n        \n\n<h2 class=\"h1 w-lg-75 m-auto wp-block-heading\">Italien in Miniatur<\/h2>\n\n\n\n<div class=\"wao-blocks-immagine-src py-4 m-auto js--hideme\" \n    data-anim='zoomIn' >\n                    <img decoding=\"async\" src=\"http:\/\/www.hotelbrasilia.it\/wp-content\/uploads\/2021\/05\/divider-brasilia-trasparente-400px.png\"  class=\"mw-100\"  alt=\"divider-brasilia-transparent-400px\">\n    <\/div>\n\n\n<p class=\"p-md-x-3 m-auto pb-3\">Italia in Miniatura ist ein Themenpark mit mehr als <strong>270 <\/strong>faszinierend <strong>Vorschaubilder <\/strong>die unser Land repr\u00e4sentieren und auch zahlreiche Attraktionen beinhalten!&nbsp;<\/p>\n\n\n\n<p class=\"p-md-x-3 m-auto pb-3\">Dieser Park ist ideal f\u00fcr die <strong>Spa\u00df <\/strong>von <strong>Kinder <\/strong>und nicht nur das, Sie k\u00f6nnen auch die<strong> historische Sch\u00f6nheiten<\/strong> unseres Landes!<\/p>\n\n\n\n<p class=\"p-md-x-3\">Au\u00dferdem haben Kinder bis zu einer K\u00f6rpergr\u00f6\u00dfe von 1 Meter freien Eintritt!&nbsp;<\/p>\n\n    <\/div>\n\n\n<div class=\"col-12 col-xl-6 p-0\"\n     \n\t \n\t>\n        \n    <figure\n        class=\"wao-blocks-immagine-bkg h-100 js--hideme\"\n        style=\"background: url('http:\/\/www.hotelbrasilia.it\/wp-content\/uploads\/2021\/05\/minitalia2.jpg') center center \/ cover no-repeat; min-height: 500px;\"\n        data-anim=\"bounceInRight\" >\n            <\/figure>\n\n    <\/div>\n<\/div>\n<\/section>\n\n<section class=\"wao-blocks-container container-fluid mb-5 g--bkg-light-03\"\n\t\t>\n    \n<div class=\"wao-blocks-row row row-eq-height\" >\n    \n\n<div class=\"col-12 col-xl-6 p-0\"\n     \n\t \n\t>\n        \n    <figure\n        class=\"wao-blocks-immagine-bkg h-100 js--hideme\"\n        style=\"background: url('http:\/\/www.hotelbrasilia.it\/wp-content\/uploads\/2021\/05\/lontre_D193.jpg') center center \/ cover no-repeat; min-height: 500px;\"\n        data-anim=\"bounceInLeft\" >\n            <\/figure>\n\n    <\/div>\n\n\n<div class=\"col-12 col-xl-6 text-center p-5\"\n     \n\t \n\t>\n        \n\n<h2 class=\"h1 w-lg-75 m-auto wp-block-heading\">Cattolica Aquarium<\/h2>\n\n\n\n<div class=\"wao-blocks-immagine-src py-4 m-auto js--hideme\" \n    data-anim='zoomIn' >\n                    <img decoding=\"async\" src=\"http:\/\/www.hotelbrasilia.it\/wp-content\/uploads\/2021\/05\/divider-brasilia-trasparente-400px.png\"  class=\"mw-100\"  alt=\"divider-brasilia-transparent-400px\">\n    <\/div>\n\n\n<p class=\"p-md-x-3 m-auto has-normal-font-size\">Das Aquarium von Cattolica bietet Touristen die M\u00f6glichkeit, ein spannendes Abenteuer \u00fcber die Sch\u00f6nheiten und <strong>Neugierde <\/strong>von<strong> Meereswelt<\/strong>von den kleinen Seepferdchen bis zur Majest\u00e4t der Haie, einen Tag im Kontakt mit der Natur zu verbringen, unter Tausenden von Tieren. <strong>Emotionen <\/strong>f\u00fcr die ganze Familie!<\/p>\n\n    <\/div>\n<\/div>\n<\/section>\n\n<section class=\"wao-blocks-container container-fluid mb-5 g--bkg-light-04\"\n\t\t>\n    \n<div class=\"wao-blocks-row row row-eq-height\" >\n    \n\n<div class=\"col-12 col-xl-6 m-auto text-center p-5\"\n     \n\t \n\t>\n        \n\n<h2 class=\"h1 w-lg-75 m-auto wp-block-heading\">Hirsch Erlebnis- und Naturpark<\/h2>\n\n\n\n<div class=\"wao-blocks-immagine-src py-4 m-auto js--hideme\" \n    data-anim='zoomIn' >\n                    <img decoding=\"async\" src=\"http:\/\/www.hotelbrasilia.it\/wp-content\/uploads\/2021\/05\/divider-brasilia-trasparente-400px.png\"  class=\"mw-100\"  alt=\"divider-brasilia-transparent-400px\">\n    <\/div>\n\n\n<p class=\"p-md-x-3 m-auto\">Im sch\u00f6nen Naturpark von Cervia, gut <strong>32 Hektar <\/strong>des Kiefernwaldes k\u00f6nnen Sie lange Spazierg\u00e4nge machen und botanische Pfade entdecken, auf denen Sie <strong>Treffen Sie <\/strong>verschiedene Arten von <strong>Tiere<\/strong>.&nbsp;<\/p>\n\n\n\n<p class=\"p-md-x-3 m-auto\">Innerhalb des Parks befinden sich auch die Wege von <strong>CerviAvventura<\/strong>Es ist eine gro\u00dfartige Gelegenheit, sich mit Baumklettereien verschiedener Schwierigkeitsgrade (f\u00fcr Erwachsene und Kinder) zu messen und angenehme Tage voller Spa\u00df und Abenteuer zu verbringen.&nbsp;<\/p>\n\n\n\n<p class=\"p-md-x-3 m-auto pb-3\">Im Park gibt es auch Picknickpl\u00e4tze!<\/p>\n\n    <\/div>\n\n\n<div class=\"col-12 col-xl-6 p-0\"\n     \n\t \n\t>\n        \n    <figure\n        class=\"wao-blocks-immagine-bkg h-100 js--hideme\"\n        style=\"background: url('http:\/\/www.hotelbrasilia.it\/wp-content\/uploads\/2021\/05\/cervi-avventura.jpg') center center \/ cover no-repeat; min-height: 500px;\"\n        data-anim=\"bounceInRight\" >\n            <\/figure>\n\n    <\/div>\n<\/div>\n<\/section>\n\n<section class=\"wao-blocks-container container-fluid mb-5 g--bkg-light-03\"\n\t\t>\n    \n<div class=\"wao-blocks-row row row-eq-height\" >\n    \n\n<div class=\"col-12 col-xl-6 p-0\"\n     \n\t \n\t>\n        \n    <figure\n        class=\"wao-blocks-immagine-bkg h-100 js--hideme\"\n        style=\"background: url('http:\/\/www.hotelbrasilia.it\/wp-content\/uploads\/2021\/05\/leoni-safari-ravenna.jpg') center center \/ cover no-repeat; min-height: 500px;\"\n        data-anim=\"bounceInRight\" >\n            <\/figure>\n\n    <\/div>\n\n\n<div class=\"col-12 col-xl-6 m-auto text-center p-5\"\n     \n\t \n\t>\n        \n\n<h2 class=\"h1 w-lg-75 m-auto wp-block-heading\">Safari Ravenna<\/h2>\n\n\n\n<div class=\"wao-blocks-immagine-src py-4 m-auto js--hideme\" \n    data-anim='zoomIn' >\n                    <img decoding=\"async\" src=\"http:\/\/www.hotelbrasilia.it\/wp-content\/uploads\/2021\/05\/divider-brasilia-trasparente-400px.png\"  class=\"mw-100\"  alt=\"divider-brasilia-transparent-400px\">\n    <\/div>\n\n\n<p class=\"p-md-x-3 m-auto\">In diesem Park k\u00f6nnen Kinder und Erwachsene gleicherma\u00dfen viele Tiere bewundern, darunter L\u00f6wen, Giraffen und Affen! Es ist nur<strong> 5 Minuten vom Hotel entfernt <\/strong>und die Fahrt durch den Park erm\u00f6glicht es Ihnen, die <strong>Tiere <\/strong>aus dem Fenster des<strong> Ihr Auto<\/strong>um unvergessliche Emotionen zu erleben!&nbsp;<\/p>\n\n\n\n<p class=\"p-md-x-3 m-auto\">Tickets f\u00fcr den Eintritt in den Park sind in der APT von Lido di Classe nur 100 Meter von unserem Hotel entfernt erh\u00e4ltlich.<\/p>\n\n    <\/div>\n<\/div>\n<\/section>\n\n<section class=\"wao-blocks-container container-fluid mb-5 g--bkg-light-04\"\n\t\t>\n    \n<div class=\"wao-blocks-row row row-eq-height\" >\n    \n\n<div class=\"col-12 col-xl-6 m-auto text-center p-5\"\n     \n\t \n\t>\n        \n\n<h2 class=\"h1 w-lg-75 m-auto wp-block-heading\">Das Haus der Schmetterlinge<\/h2>\n\n\n\n<div class=\"wao-blocks-immagine-src py-4 m-auto js--hideme\" \n    data-anim='zoomIn' >\n                    <img decoding=\"async\" src=\"http:\/\/www.hotelbrasilia.it\/wp-content\/uploads\/2021\/05\/divider-brasilia-trasparente-400px.png\"  class=\"mw-100\"  alt=\"divider-brasilia-transparent-400px\">\n    <\/div>\n\n\n<p class=\"p-md-x-3\">Es ist ein Naturpark in Cervia, der sich durch das Vorhandensein eines sch\u00f6nen Gew\u00e4chshauses von \u00fcber 500 Quadratmetern auszeichnet, in dem <strong>freies Schwungrad<\/strong> Hunderte von <strong>tropische Schmetterlinge <\/strong>und spektakul\u00e4re Farben. In dieser gro\u00dfen Umgebung werden die Schmetterlinge geboren, leben und fliegen frei, fasziniert von den Farben und D\u00fcften der vielen vorhandenen Pflanzen und von den Besuchern, die sich im Gew\u00e4chshaus frei bewegen k\u00f6nnen. Sie k\u00f6nnen die Schmetterlinge aus n\u00e4chster N\u00e4he bewundern und werden von Hunderten von bunten, leicht fliegenden Fl\u00fcgeln umgeben sein. Neben dem Gew\u00e4chshaus befindet sich das<strong> Haus der Insekten<\/strong>ein Pavillon, der der Welt dieser kleinen Tiere gewidmet ist.<\/p>\n\n    <\/div>\n\n\n<div class=\"col-12 col-xl-6 p-0\"\n     \n\t \n\t>\n        \n    <figure\n        class=\"wao-blocks-immagine-bkg h-100 js--hideme\"\n        style=\"background: url('http:\/\/www.hotelbrasilia.it\/wp-content\/uploads\/2021\/05\/farfalla.jpg') center center \/ cover no-repeat; min-height: 500px;\"\n        data-anim=\"bounceInRight\" >\n            <\/figure>\n\n    <\/div>\n<\/div>\n<\/section>\n\n<section class=\"wao-blocks-container container-fluid mb-5 g--bkg-light-03\"\n\t\t>\n    \n<div class=\"wao-blocks-row row row-eq-height\" >\n    \n\n<div class=\"col-12 col-xl-6 p-0\"\n     \n\t \n\t>\n        \n    <figure\n        class=\"wao-blocks-immagine-bkg h-100 js--hideme\"\n        style=\"background: url('http:\/\/www.hotelbrasilia.it\/wp-content\/uploads\/2021\/05\/oltremare2.jpg') center center \/ cover no-repeat; min-height: 500px;\"\n        data-anim=\"bounceInLeft\" >\n            <\/figure>\n\n    <\/div>\n\n\n<div class=\"col-12 col-xl-6 text-center p-5\"\n     \n\t \n\t>\n        \n\n<h2 class=\"h1 w-lg-75 m-auto wp-block-heading\">\u00dcbersee<\/h2>\n\n\n\n<div class=\"wao-blocks-immagine-src py-4 m-auto js--hideme\" \n    data-anim='zoomIn' >\n                    <img decoding=\"async\" src=\"http:\/\/www.hotelbrasilia.it\/wp-content\/uploads\/2021\/05\/divider-brasilia-trasparente-400px.png\"  class=\"mw-100\"  alt=\"divider-brasilia-transparent-400px\">\n    <\/div>\n\n\n<p class=\"p-md-x-3 m-auto\">Oltremare verbindet die Freude am Entdecken mit der Emotion des Sehens aus n\u00e4chster N\u00e4he<strong> viele Tiere <\/strong>unter denen <strong>Delfine<\/strong>Papageien, Raubv\u00f6gel und viele andere!&nbsp;<\/p>\n\n\n\n<p class=\"p-md-x-3 m-auto\">Hier k\u00f6nnen Kinder in die Natur eintauchen, die Bauernhoftiere beobachten und spannende Familientage verbringen!&nbsp;<\/p>\n\n\n\n<p class=\"p-md-x-3 m-auto\">Kinder bis zu einer K\u00f6rpergr\u00f6\u00dfe von 1 Meter sind frei!<\/p>\n\n    <\/div>\n<\/div>\n<\/section>\n\n<section class=\"wao-blocks-container container-fluid mb-0 g--bkg-light-03\"\n\t\t>\n    \n<div class=\"wao-blocks-row row\" >\n    \n\n<div class=\"col-12 col-md-6 text-center m-auto\"\n     \n\t \n\t>\n        \n\n<h2 class=\"h-1 py-5 mb-0 wp-block-heading\">Registrieren Sie sich f\u00fcr unseren Newsletter<\/h2>\n\n\n<script src=\"https:\/\/www.google.com\/recaptcha\/enterprise.js?render=6LdKs-6Lc3xMIcAAAAAO2K3CkgGUYb6BcsBOk289jP7NUP\"><\/script>\n<div class=\"l--box-newsletter wao-blocks-nav-tab\" >\n    <form class=\"custom\" name=\"iscrizione_newsletter\" id=\"iscrizione_newsletter\" method=\"post\" autocomplete=\"OFF\" action=\"\">\n        <fieldset>\n            <div class=\"form-group row\">\n                                <div class=\"col-12 col-lg-6 mx-auto\">\n                    <input type=\"text\" class=\"form-control bg-white\" id=\"news_nome\" name=\"nome\" placeholder=\"Name*\">\n                <\/div>\n                <div class=\"col-12 col-lg-6 mx-auto\">\n                    <input type=\"text\" class=\"form-control bg-white\" id=\"news_email\" name=\"email\" value=\"\" placeholder=\"E-Mail*\">\n                <\/div>\n                <div id=\"newsletter\" class=\"col-12 col-lg-6 mx-auto\">\n<input value=\"on\" type=\"checkbox\" name=\"news_privacy\" id=\"news_privacy\">\n<label for=\"news_privacy\">*\n    <small>\n        <a href=\"javascript:void(0)\" title=\"Datenschutz\"\n            class=\"privacy link-privacy-policy\" style=\"cursor: pointer;\">\n            Ich akzeptiere Datenschutz\n        <\/a>\n    <\/small>\n<\/label>\n<\/div>                <div class=\"col-12 col-lg-6 mx-auto\">\n                    <button class=\"py-3 px-5 btn btn-primary display-4 rounded-0\"type=\"submit\" id=\"iscrizioneNewsletter\">\n                        Anmelden\n                    <\/button>\n                    <input name=\"dominio\" type=\"hidden\" value=\"https:\/\/www.hotelbrasilia.it\/de\/\">\n                    <input name=\"idHotel\" type=\"hidden\" value=\"924\">\n                    <input name=\"lingua\" type=\"hidden\" value=\"it\">\n                <\/div>\n            <\/div>\n        <\/fieldset>\n    <input type=\"hidden\" name=\"trp-form-language\" value=\"de\"\/><\/form>\n<\/div>\n<div id=\"divAlert\" class=\"h-50 w-50 m-auto alert-info d-none\" style=\"position: fixed; top: 10px; left: 10px; right: 10px; bottom: 10px; z-index: 2000; overflow: auto\">\n\t<div class=\"text-right\">\n\t\t<a class=\"btn btn-primary btn_chiudi\" href=\"javascript:void(0)\" onclick=\"location.reload(true);\" title=\"Schlie\u00dfen\"><i class=\"fa fa-times\" aria-hidden=\"true\"><\/i><\/a>\n\t<\/div>\n\t<div class=\"text-center alert-info l--align-middle-vertical\" style=\"height: calc(100% - 50px);\">\n\t\t<div class=\"logo\"><\/div>\n\t\t<div class=\"text-center h-50 w-50\">\n\t\t\t<span class=\"display-3\"><i class=\"fa fa-paper-plane\" aria-hidden=\"true\"><\/i><\/span>\n\t\t\t<h4>Newsletter-Abonnement erfolgreich abgeschlossen<\/h4>\n\t\t<\/div>\n\t<\/div>\n<\/div>\n\n    <\/div>\n<\/div>\n<\/section>\n\n<section class=\"wao-blocks-container container-fluid mb-2\"\n\t\t>\n    \n<div class=\"wao-blocks-row row py-4 text-center\" >\n    \n\n<div class=\"col-12 col-lg-6 d-none d-lg-block\"\n     \n\t \n\t>\n        \n\n<h2 class=\"wp-block-heading\">Wo wir sind<\/h2>\n\n    <\/div>\n\n\n<div class=\"col-12 col-lg-6 d-none d-lg-block\"\n     \n\t \n\t>\n        \n\n<h2 class=\"wp-block-heading\">Informationen anfordern<\/h2>\n\n    <\/div>\n<\/div>\n\n<div class=\"wao-blocks-row row\" >\n    \n\n<div class=\"col-12 col-lg-6 mb-4\"\n     \n\t \n\t>\n        \n\n<h2 class=\"d-lg-none pb-2 wp-block-heading\">Wo wir sind<\/h2>\n\n\n\n<iframe class=\"js--lazy-load\" data-src=\"https:\/\/www.google.com\/maps\/embed?pb=!1m14!1m8!1m3!1d11417.336483430121!2d12.3386608!3d44.3236379!3m2!1i1024!2i768!4f13.1!3m3!1m2!1s0x0%3A0xe58e23b8f987956f!2sHotel%20Brasilia!5e0!3m2!1sit!2sit!4v1619777759109!5m2!1sit!2sit\" width=\"100%\" height=\"100%\" frameborder=\"0\" style=\"border:0;\" allowfullscreen=\"\" aria-hidden=\"false\" tabindex=\"0\" data-cof=\"true\" data-cof-rule=\"min-height, 300px, 300px, 400px, 100%, 100%\"><\/iframe>\n\n    <\/div>\n\n\n<div class=\"col-12 col-lg-6 mb-4\"\n     \n\t \n\t>\n        \n\n<h2 class=\"d-lg-none pb-2 mt-5 wp-block-heading\">Informationen anfordern<\/h2>\n\n\n\n<div class=\"merida_root\" id=\"merida_block\"><\/div>\n\n<script>\nvar merida_config_merida_block = {\n    customerId: 924 ,\n    showSuccessModal : true,\n    rootEl: \"merida_block\",\n    childrenAgeMax: 16,\n    childrenAgeMin: 0,\n    layout: \"default\",\n    language: \"de\",\n                theme : {\n        colors: {\n            primary: '#feca2c',\n            primaryTextAlt: '#ffffff',\n            secondary: '#3983a4',\n            secondaryTextAlt: '#ffffff',\n            text: '#333333',\n            error: '#cc0033',\n            formBackground: '#ffffff',\n            label: '#4d4d4d',\n            labelInput: '#84a0cd',\n            labelInputActive: '#7ebd6d',\n            inputBackground: '#eeeeee',\n            inputBorder: '#eeeeee',\n            checkboxBorder: '#eeeeee',\n        }\n    },\n    onSuccess : function(res) {\n        \n                        if (typeof(ga) !== 'undefined') {\n                   ga('send', 'event', 'Email', 'Invio', 'Form');\n                }\n                    }\n};\n\n(function(url, cb) {\n    var s = document.createElement(\"script\");\n    s.type = \"text\/javascript\";\n\n    if (s.readyState) { \/\/IE\n        s.onreadystatechange = function() {\n            if (s.readyState == \"loaded\" || s.readyState == \"complete\") {\n                s.onreadystatechange = null;\n                cb();\n            }\n        };\n    } else { \/\/Others\n        s.onload = function() {\n            cb();\n        };\n    }\n\n    s.src = url;\n    document.getElementsByTagName(\"head\")[0].appendChild(s);\n})(\"https:\/\/static.adriasonline.it\/merida\/latest\/merida.js\", function() {\n    window.aoForm = merida(merida_config_merida_block);\n});\n<\/script>\n    <\/div>\n<\/div>\n<\/section>","protected":false},"excerpt":{"rendered":"","protected":false},"author":1,"featured_media":0,"parent":0,"menu_order":0,"comment_status":"closed","ping_status":"closed","template":"","meta":{"footnotes":""},"class_list":["post-946","page","type-page","status-publish","hentry"],"_links":{"self":[{"href":"https:\/\/www.hotelbrasilia.it\/de\/wp-json\/wp\/v2\/pages\/946","targetHints":{"allow":["GET"]}}],"collection":[{"href":"https:\/\/www.hotelbrasilia.it\/de\/wp-json\/wp\/v2\/pages"}],"about":[{"href":"https:\/\/www.hotelbrasilia.it\/de\/wp-json\/wp\/v2\/types\/page"}],"author":[{"embeddable":true,"href":"https:\/\/www.hotelbrasilia.it\/de\/wp-json\/wp\/v2\/users\/1"}],"replies":[{"embeddable":true,"href":"https:\/\/www.hotelbrasilia.it\/de\/wp-json\/wp\/v2\/comments?post=946"}],"version-history":[{"count":45,"href":"https:\/\/www.hotelbrasilia.it\/de\/wp-json\/wp\/v2\/pages\/946\/revisions"}],"predecessor-version":[{"id":1573,"href":"https:\/\/www.hotelbrasilia.it\/de\/wp-json\/wp\/v2\/pages\/946\/revisions\/1573"}],"wp:attachment":[{"href":"https:\/\/www.hotelbrasilia.it\/de\/wp-json\/wp\/v2\/media?parent=946"}],"curies":[{"name":"wp","href":"https:\/\/api.w.org\/{rel}","templated":true}]}}